{"id":3,"date":"2025-05-13T10:39:39","date_gmt":"2025-05-13T07:39:39","guid":{"rendered":"http:\/\/edvista.cz\/?page_id=3"},"modified":"2025-10-06T22:23:13","modified_gmt":"2025-10-06T19:23:13","slug":"privacy-policy","status":"publish","type":"page","link":"https:\/\/edvista.com.ua\/cz\/privacy-policy\/","title":{"rendered":"Z\u00e1sady ochrany osobn\u00edch \u00fadaj\u016f"},"content":{"rendered":"\n<h1 class=\"wp-block-heading\">Z\u00e1sady ochrany osobn\u00edch \u00fadaj\u016f<\/h1>\n\n\n\n<p>Tyto Z\u00e1sady ochrany osobn\u00edch \u00fadaj\u016f (d\u00e1le jen Z\u00e1sady ochrany osobn\u00edch \u00fadaj\u016f) se vztahuj\u00ed na ve\u0161ker\u00e9 informace, kter\u00e9 m\u016f\u017ee EDVISTA EDUCATIONAL CENTER, nach\u00e1zej\u00edc\u00ed se na dom\u00e9nov\u00e9m jm\u00e9n\u011b <a href=\"https:\/\/edvista.com.ua\/\">https:\/\/edvista.com.ua\/<\/a>, z\u00edskat o U\u017eivateli b\u011bhem pou\u017e\u00edv\u00e1n\u00ed Str\u00e1nek.<\/p>\n\n\n\n<h2 class=\"wp-block-heading\">1. Definice pojm\u016f.<\/h2>\n\n\n\n<p><strong>1.1.<\/strong> V t\u011bchto Z\u00e1sad\u00e1ch ochrany osobn\u00edch \u00fadaj\u016f se pou\u017e\u00edvaj\u00ed n\u00e1sleduj\u00edc\u00ed pojmy: Spr\u00e1va Str\u00e1nek http:\/\/edvista.com.ua\/(d\u00e1le jen Spr\u00e1va Str\u00e1nek) \u2013 pov\u011b\u0159en\u00ed zam\u011bstnanci ke spr\u00e1v\u011b Str\u00e1nek, jednaj\u00edc\u00ed jm\u00e9nem EDVISTA EDUCATIONAL CENTER, kte\u0159\u00ed organizuj\u00ed a prov\u00e1d\u011bj\u00ed zpracov\u00e1n\u00ed osobn\u00edch \u00fadaj\u016f, kter\u00e9 jsou p\u0159edm\u011btem zpracov\u00e1n\u00ed, \u00fakony (operace) prov\u00e1d\u011bn\u00e9s osobn\u00edmi \u00fadaji.<\/p>\n\n\n\n<p><strong>1.2.<\/strong> \u201eOsobn\u00ed \u00fadaje\u201c \u2013 jak\u00e9koli informace, kter\u00e9 se p\u0159\u00edmo \u010di nep\u0159\u00edmo vztahuj\u00ed k identifikovan\u00e9 nebo identifikovateln\u00e9 fyzick\u00e9 osob\u011b (subjektu osobn\u00edch \u00fadaj\u016f). <\/p>\n\n\n\n<p><strong>1.3.<\/strong> \u201eZpracov\u00e1n\u00ed osobn\u00edch \u00fadaj\u016f\u201c \u2013 jak\u00e1koli akce (operace) nebo soubor akc\u00ed (operac\u00ed) prov\u00e1d\u011bn\u00fdch s vyu\u017eit\u00edm automatiza\u010dn\u00edch n\u00e1stroj\u016f nebo bez pou\u017eit\u00ed takov\u00fdch n\u00e1stroj\u016f s osobn\u00edmi \u00fadaji, v\u010detn\u011b shroma\u017e\u010fov\u00e1n\u00ed, zaznamen\u00e1v\u00e1n\u00ed, systematizace, shroma\u017e\u010fov\u00e1n\u00ed, ukl\u00e1d\u00e1n\u00ed, zp\u0159es\u0148ov\u00e1n\u00ed (aktualizace, zm\u011bny), extrakce, pou\u017eit\u00ed, p\u0159enosu (distribuce, poskytov\u00e1n\u00ed, p\u0159\u00edstupu), anonymizace, blokov\u00e1n\u00ed, maz\u00e1n\u00ed, zni\u010den\u00ed osobn\u00edch \u00fadaj\u016f.<\/p>\n\n\n\n<p><strong>1.4.<\/strong> \u201eD\u016fv\u011brnost osobn\u00edch \u00fadaj\u016f\u201c \u2013 po\u017eadavek, kter\u00fd mus\u00ed Provozovatel nebo jin\u00e1 osoba, kter\u00e1 m\u00e1 p\u0159\u00edstup k osobn\u00edm \u00fadaj\u016fm, dodr\u017eovat, aby nedovolila jejich \u0161\u00ed\u0159en\u00ed bez souhlasu subjektu osobn\u00edch \u00fadaj\u016f nebo existence jin\u00e9ho pr\u00e1vn\u00edho z\u00e1kladu.<\/p>\n\n\n\n<p><strong>1.5.<\/strong> U\u017eivatel webu <a href=\"https:\/\/edvista.com.ua\/\">https:\/\/edvista.com.ua\/<\/a> \u2013 osoba, kter\u00e1 m\u00e1 p\u0159\u00edstup na Str\u00e1nky prost\u0159ednictv\u00edm internetu a pou\u017e\u00edv\u00e1 Str\u00e1nky Centra.<\/p>\n\n\n\n<p><strong>1.6<\/strong>. \u201eSoubory cookie\u201c jsou mal\u00e9 datov\u00e9 soubory odes\u00edlan\u00e9 webov\u00fdm serverem a ukl\u00e1dan\u00e9 v po\u010d\u00edta\u010di u\u017eivatele, kter\u00e9 webov\u00fd klient nebo webov\u00fd prohl\u00ed\u017ee\u010d odes\u00edl\u00e1 webov\u00e9mu serveru v HTTP po\u017eadavku poka\u017ed\u00e9, kdy\u017e se pokou\u0161\u00ed otev\u0159\u00edt str\u00e1nku odpov\u00eddaj\u00edc\u00edch str\u00e1nek.<\/p>\n\n\n\n<p><strong>1.7.<\/strong> \u201eIP adresa\u201c je jedine\u010dn\u00e1 s\u00ed\u0165ov\u00e1 adresa uzlu v po\u010d\u00edta\u010dov\u00e9 s\u00edti, vybudovan\u00e9 pomoc\u00ed protokolu IP.<\/p>\n\n\n\n<h2 class=\"wp-block-heading\">2. Obecn\u00e1 ustanoven\u00ed.<\/h2>\n\n\n\n<p><strong>2.1.<\/strong> Pou\u017e\u00edv\u00e1n\u00edm Str\u00e1nek https:\/\/edvista.com.ua\/ U\u017eivatelem vyjad\u0159uje souhlas s t\u011bmito Z\u00e1sadami ochrany osobn\u00edch \u00fadaj\u016f a podm\u00ednkami zpracov\u00e1n\u00ed osobn\u00edch \u00fadaj\u016f U\u017eivatele.<\/p>\n\n\n\n<p><strong>2.2. <\/strong>V p\u0159\u00edpad\u011b nesouhlasu s podm\u00ednkami Z\u00e1sad ochrany osobn\u00edch \u00fadaj\u016f mus\u00ed U\u017eivatel p\u0159estat Str\u00e1nky pou\u017e\u00edvat.<\/p>\n\n\n\n<p><strong>2.3. <\/strong>Tyto Z\u00e1sady ochrany osobn\u00edch \u00fadaj\u016f se vztahuj\u00ed pouze na Str\u00e1nky https:\/\/edvista.com.ua\/. Str\u00e1nky nekontroluj\u00ed a nenesou odpov\u011bdnost za str\u00e1nky t\u0159et\u00edch stran, na kter\u00e9 U\u017eivatel m\u016f\u017ee m\u00edt p\u0159\u00edstup prost\u0159ednictv\u00edm odkaz\u016f dostupn\u00fdch na Str\u00e1nk\u00e1ch.<\/p>\n\n\n\n<p><strong>2.4. <\/strong>Spr\u00e1va Str\u00e1nek neov\u011b\u0159uje p\u0159esnost osobn\u00edch \u00fadaj\u016f poskytnut\u00fdch U\u017eivatelem Str\u00e1nek.<\/p>\n\n\n\n<h2 class=\"wp-block-heading\">3. P\u0159edm\u011bt Z\u00e1sad ochrany osobn\u00edch \u00fadaj\u016f.<\/h2>\n\n\n\n<p><strong>3.1.<\/strong> Tyto Z\u00e1sady ochrany osobn\u00edch \u00fadaj\u016f stanov\u00ed povinnosti Spr\u00e1vy Str\u00e1nek nezve\u0159ej\u0148ovat a zaji\u0161\u0165ovat d\u016fv\u011brnost osobn\u00edch \u00fadaj\u016f, kter\u00e9 U\u017eivatel poskytuje Spr\u00e1v\u011b Str\u00e1nek nebo p\u0159i \u017e\u00e1dosti o slu\u017eby.<\/p>\n\n\n\n<p><strong>3.2.<\/strong> Osobn\u00ed \u00fadaje povolen\u00e9 ke zpracov\u00e1n\u00ed v r\u00e1mci t\u011bchto Z\u00e1sad ochrany osobn\u00edch \u00fadaj\u016f poskytuje U\u017eivatel vypln\u011bn\u00edm registra\u010dn\u00edho formul\u00e1\u0159e na Str\u00e1nk\u00e1ch a zahrnuj\u00ed n\u00e1sleduj\u00edc\u00ed informace: <\/p>\n\n\n\n<p><strong>3.2.1.<\/strong> Jm\u00e9no U\u017eivatele; <\/p>\n\n\n\n<p><strong>3.2.2.<\/strong> Kontaktn\u00ed telefonn\u00ed \u010d\u00edslo U\u017eivatele; <\/p>\n\n\n\n<p><strong>3.2.3.<\/strong> E-mailov\u00e1 adresa (e-mail).<\/p>\n\n\n\n<p><strong>3.3.<\/strong> Str\u00e1nky chr\u00e1n\u00ed Data, kter\u00e1 jsou automaticky p\u0159en\u00e1\u0161ena b\u011bhem prohl\u00ed\u017een\u00ed reklamn\u00edch blok\u016f a p\u0159i n\u00e1v\u0161t\u011bv\u011b str\u00e1nek, na kter\u00fdch je nainstalov\u00e1n statistick\u00fd skript syst\u00e9mu (\u201epixel\u201c):  \u2013 IP adresa; \u2013 informace z cookies; \u2013 informace o prohl\u00ed\u017ee\u010di (nebo jin\u00e9m programu, kter\u00fd umo\u017e\u0148uje p\u0159\u00edstup k zobrazov\u00e1n\u00ed reklamy); \u2013 \u010das p\u0159\u00edstupu;\u2013adresa str\u00e1nky, na kter\u00e9 se nach\u00e1z\u00ed reklamn\u00ed blok;\u2013abstrakt (adresa p\u0159edchoz\u00ed str\u00e1nky).<\/p>\n\n\n\n<p><strong>3.3.1<\/strong>. Zak\u00e1z\u00e1n\u00ed cookies m\u016f\u017ee v\u00e9st k nemo\u017enosti p\u0159\u00edstupu k \u010d\u00e1stem Str\u00e1nek, kter\u00e9 vy\u017eaduj\u00ed autorizaci.<\/p>\n\n\n\n<p><strong>3.4.<\/strong> Ve\u0161ker\u00e9 ostatn\u00ed osobn\u00ed \u00fadaje, kter\u00e9 nejsou uvedeny v\u00fd\u0161e, podl\u00e9haj\u00ed spolehliv\u00e9mu ukl\u00e1d\u00e1n\u00ed a ne\u0161\u00ed\u0159en\u00ed, s v\u00fdjimkou p\u0159\u00edpad\u016f uveden\u00fdch v bodech 5.2 a 5.3 t\u011bchto Z\u00e1sad ochrany osobn\u00edch \u00fadaj\u016f.<\/p>\n\n\n\n<h2 class=\"wp-block-heading\">4. \u00da\u010dely shroma\u017e\u010fov\u00e1n\u00ed osobn\u00edch \u00fadaj\u016f u\u017eivatele.<\/h2>\n\n\n\n<p><strong>4.1.<\/strong> Spr\u00e1va webu m\u016f\u017ee pou\u017e\u00edt osobn\u00ed \u00fadaje u\u017eivatele za \u00fa\u010delem:<\/p>\n\n\n\n<p><strong>4.1.1.<\/strong> Identifikace u\u017eivatele, kter\u00fd podal \u017e\u00e1dost.<\/p>\n\n\n\n<p><strong>4.1.2.<\/strong> Navazov\u00e1n\u00ed zp\u011btn\u00e9 vazby s u\u017eivatelem, v\u010detn\u011b zas\u00edl\u00e1n\u00ed zpr\u00e1v, po\u017eadavk\u016f t\u00fdkaj\u00edc\u00edch se webu, poskytov\u00e1n\u00ed slu\u017eeb, zpracov\u00e1n\u00ed po\u017eadavk\u016f a \u017e\u00e1dost\u00ed od u\u017eivatele.<\/p>\n\n\n\n<h2 class=\"wp-block-heading\">5. Zp\u016fsoby a podm\u00ednky zpracov\u00e1n\u00ed osobn\u00edch \u00fadaj\u016f.<\/h2>\n\n\n\n<p><strong>5.1.<\/strong> Zpracov\u00e1n\u00ed osobn\u00edch \u00fadaj\u016f u\u017eivatele se prov\u00e1d\u00ed bez omezen\u00ed doby trv\u00e1n\u00ed jak\u00fdmikoli z\u00e1konn\u00fdmi prost\u0159edky, v\u010detn\u011b v informa\u010dn\u00edch syst\u00e9mech osobn\u00edch \u00fadaj\u016f s vyu\u017eit\u00edm automatiza\u010dn\u00edch n\u00e1stroj\u016f nebo bez pou\u017eit\u00ed takov\u00fdch n\u00e1stroj\u016f.<\/p>\n\n\n\n<p><strong>5.2.<\/strong> Spr\u00e1va webu p\u0159ij\u00edm\u00e1 nezbytn\u00e1 organiza\u010dn\u00ed a technick\u00e1 opat\u0159en\u00ed k ochran\u011b osobn\u00edch \u00fadaj\u016f u\u017eivatele p\u0159ed neopr\u00e1vn\u011bn\u00fdm nebo n\u00e1hodn\u00fdm p\u0159\u00edstupem, zni\u010den\u00edm, zkreslen\u00edm, blokov\u00e1n\u00edm, kop\u00edrov\u00e1n\u00edm, distribuc\u00ed, jako\u017e i p\u0159ed jin\u00fdm protipr\u00e1vn\u00edm jedn\u00e1n\u00edm t\u0159et\u00edch stran.<\/p>\n\n\n\n<p><strong>5.3.<\/strong> Spr\u00e1va str\u00e1nek spole\u010dn\u011b s U\u017eivatelem p\u0159ij\u00edm\u00e1 ve\u0161ker\u00e1 nezbytn\u00e1 opat\u0159en\u00ed k prevenci ztr\u00e1t nebo jin\u00fdch negativn\u00edch d\u016fsledk\u016f zp\u016fsoben\u00fdch ztr\u00e1tou nebo zve\u0159ejn\u011bn\u00edm osobn\u00edch \u00fadaj\u016f U\u017eivatele.<\/p>\n\n\n\n<h2 class=\"wp-block-heading\">6. Z\u00e1sady ochrany osobn\u00edch \u00fadaj\u016f. Povinnosti stran.<\/h2>\n\n\n\n<p><strong>6.1.<\/strong> U\u017eivatel je povinen:<\/p>\n\n\n\n<p><strong>6.1.1.<\/strong> Poskytnout informace o osobn\u00edch \u00fadaj\u00edch nezbytn\u00e9 pro pou\u017e\u00edv\u00e1n\u00ed Str\u00e1nek.<\/p>\n\n\n\n<p><strong>6.1.2.<\/strong> Aktualizovat a dopl\u0148ovat poskytnut\u00e9 informace o osobn\u00edch \u00fadaj\u00edch v p\u0159\u00edpad\u011b zm\u011bnv t\u011bchto informac\u00edch.<\/p>\n\n\n\n<p><strong>6.2.<\/strong> Spr\u00e1va str\u00e1nek je povinna: <\/p>\n\n\n\n<p><strong>6.2.1.<\/strong> Pou\u017e\u00edvat p\u0159ijat\u00e9 informace v\u00fdhradn\u011b pro \u00fa\u010dely uveden\u00e9 v \u010dl\u00e1nku 4 t\u011bchto Z\u00e1sad ochrany osobn\u00edch \u00fadaj\u016f. <\/p>\n\n\n\n<p><strong>6.2.2.<\/strong> Zajistit, aby d\u016fv\u011brn\u00e9 informace byly uchov\u00e1v\u00e1ny v tajnosti, nezve\u0159ej\u0148ovat je bez p\u0159edchoz\u00edho p\u00edsemn\u00e9ho souhlasu U\u017eivatele a neprod\u00e1vat, nevym\u011b\u0148ovat, nezve\u0159ej\u0148ovat ani jin\u00fdm mo\u017en\u00fdm zp\u016fsobem nezve\u0159ej\u0148ovat p\u0159enesen\u00e9 osobn\u00ed \u00fadaje U\u017eivatele, s v\u00fdjimkou \u010dl\u00e1nku 5.2 a 5.3 t\u011bchto Z\u00e1sad ochrany osobn\u00edch \u00fadaj\u016f.<\/p>\n\n\n\n<p><strong>6.2.3.<\/strong> P\u0159ijmout opat\u0159en\u00ed k ochran\u011b d\u016fv\u011brnosti osobn\u00edch \u00fadaj\u016f U\u017eivatele v souladu s postupem obvykle pou\u017e\u00edvan\u00fdm k ochran\u011b t\u011bchto informac\u00ed v b\u011b\u017en\u00fdch obchodn\u00edch transakc\u00edch.<\/p>\n\n\n\n<h2 class=\"wp-block-heading\">7. Z\u00e1sady ochrany osobn\u00edch \u00fadaj\u016f. Odpov\u011bdnost stran.<\/h2>\n\n\n\n<p><strong>7.1.<\/strong> Spr\u00e1va str\u00e1nek, kter\u00e1 nesplnila sv\u00e9 povinnosti, odpov\u00edd\u00e1 za ztr\u00e1ty vznikl\u00e9 U\u017eivateli v souvislosti s neopr\u00e1vn\u011bn\u00fdm pou\u017eit\u00edm osobn\u00edch \u00fadaj\u016f v souladu se z\u00e1konem Ukrajiny \u201eO ochran\u011b osobn\u00edch \u00fadaj\u016f\u201c, s v\u00fdjimkou p\u0159\u00edpad\u016f uveden\u00fdch v bodech 5.2., 5.3. a 7.2 t\u011bchto Z\u00e1sad ochrany osobn\u00edch \u00fadaj\u016f.<\/p>\n\n\n\n<p><strong>7.2.<\/strong> V p\u0159\u00edpad\u011b ztr\u00e1ty nebo zve\u0159ejn\u011bn\u00ed d\u016fv\u011brn\u00fdch informac\u00ed nenese Spr\u00e1va str\u00e1nek odpov\u011bdnost, pokud tyto d\u016fv\u011brn\u00e9 informace: <\/p>\n\n\n\n<p><strong>7.2.1.<\/strong> Staly se ve\u0159ejn\u011b dostupn\u00fdmi p\u0159ed jejich ztr\u00e1tou nebo zve\u0159ejn\u011bn\u00edm.<\/p>\n\n\n\n<p><strong>7.2.2. <\/strong>Byly z\u00edsk\u00e1ny od t\u0159et\u00ed strany p\u0159ed jejich p\u0159ijet\u00edm Spr\u00e1vou str\u00e1nek.<\/p>\n\n\n\n<p><strong>7.2.3.<\/strong> Byly zve\u0159ejn\u011bny se souhlasem U\u017eivatele.<\/p>\n\n\n\n<h2 class=\"wp-block-heading\">8. Z\u00e1sady ochrany osobn\u00edch \u00fadaj\u016f. \u0158e\u0161en\u00ed spor\u016f.<\/h2>\n\n\n\n<p><strong>8.1.<\/strong> P\u0159ed pod\u00e1n\u00edm \u017ealoby k soudu ohledn\u011b spor\u016f vypl\u00fdvaj\u00edc\u00edch ze vztahu mezi U\u017eivatelem webu a Spr\u00e1vou webu je povinn\u00e9 podat \u017ealobu (p\u00edsemn\u00fd n\u00e1vrh na dobrovoln\u00e9 urovn\u00e1n\u00ed sporu).<\/p>\n\n\n\n<p><strong>8.2.<\/strong> P\u0159ijmout \u017ealoby do 30 kalend\u00e1\u0159n\u00edch dn\u016f od data obdr\u017een\u00ed \u017ealoby a p\u00edsemn\u011b informovat \u017ealobce o v\u00fdsledc\u00edch jej\u00edho projedn\u00e1n\u00ed. <\/p>\n\n\n\n<p><strong>8.3.<\/strong> Pokud nedojde k dohod\u011b, bude spor p\u0159edlo\u017een soudu k projedn\u00e1n\u00ed v souladu s platn\u00fdmi pr\u00e1vn\u00edmi p\u0159edpisy Ukrajiny.<\/p>\n\n\n\n<p><strong>8.4.<\/strong> Na tyto Z\u00e1sady ochrany osobn\u00edch \u00fadaj\u016f a vztahy mezi U\u017eivatelem a Spr\u00e1vou webu se vztahuj\u00ed platn\u00e9 pr\u00e1vn\u00ed p\u0159edpisy Ukrajiny.<\/p>\n\n\n\n<h2 class=\"wp-block-heading\">9. Dal\u0161\u00ed podm\u00ednky z\u00e1sad ochrany osobn\u00edch \u00fadaj\u016f.<\/h2>\n\n\n\n<p><strong>9.1.<\/strong> Spr\u00e1va webu m\u00e1 pr\u00e1vo prov\u00e1d\u011bt zm\u011bny v t\u011bchto Z\u00e1sad\u00e1ch ochrany osobn\u00edch \u00fadaj\u016f bez souhlasu U\u017eivatele.<br><strong>9.2.<\/strong> Nov\u00e9 Z\u00e1sady ochrany osobn\u00edch \u00fadaj\u016f nab\u00fdvaj\u00ed \u00fa\u010dinnosti okam\u017eikem jejich zve\u0159ejn\u011bn\u00ed, pokud nov\u00e1 verze Z\u00e1sad ochrany osobn\u00edch \u00fadaj\u016f nestanov\u00ed jinak.<\/p>\n\n\n\n<p><strong>9.3.<\/strong> Ve\u0161ker\u00e9 n\u00e1vrhy nebo dotazy t\u00fdkaj\u00edc\u00ed se t\u011bchto Z\u00e1sad ochrany osobn\u00edch \u00fadaj\u016f zas\u00edlejte na adresu: <a href=\"mailto:ed.vista.center@gmail.com\">ed.vista.center@gmail.com<\/a><\/p>\n\n\n\n<p><strong>9.4.<\/strong> Aktu\u00e1ln\u00ed Z\u00e1sady ochrany osobn\u00edch \u00fadaj\u016f se nach\u00e1zej\u00ed na str\u00e1nce na adrese: https:\/\/edvista.com.ua\/privacy-policy\/ Tato polo\u017eka je k dispozici tak\u00e9 ve verz\u00edch <a href=\"\/privacy-policy\/\" target=\"_blank\" rel=\"noreferrer noopener\">UA<\/a> a <a href=\"\/en\/privacy-policy\/\" target=\"_blank\" rel=\"noreferrer noopener\">EN<\/a>.<\/p>\n\n\n\n<p><\/p>\n","protected":false},"excerpt":{"rendered":"<p>Z\u00e1sady ochrany osobn\u00edch \u00fadaj\u016f Tyto Z\u00e1sady ochrany osobn\u00edch \u00fadaj\u016f (d\u00e1le jen Z\u00e1sady ochrany osobn\u00edch \u00fadaj\u016f) se vztahuj\u00ed na ve\u0161ker\u00e9 informace, kter\u00e9 m\u016f\u017ee EDVISTA EDUCATIONAL CENTER, nach\u00e1zej\u00edc\u00ed se na dom\u00e9nov\u00e9m jm\u00e9n\u011b https:\/\/edvista.com.ua\/, z\u00edskat o U\u017eivateli b\u011bhem pou\u017e\u00edv\u00e1n\u00ed Str\u00e1nek. 1. Definice pojm\u016f. 1.1. V t\u011bchto Z\u00e1sad\u00e1ch ochrany osobn\u00edch \u00fadaj\u016f se pou\u017e\u00edvaj\u00ed n\u00e1sleduj\u00edc\u00ed pojmy: Spr\u00e1va Str\u00e1nek http:\/\/edvista.com.ua\/(d\u00e1le jen [&hellip;]<\/p>\n","protected":false},"author":1,"featured_media":0,"parent":0,"menu_order":0,"comment_status":"closed","ping_status":"open","template":"","meta":{"_acf_changed":false,"footnotes":""},"tags":[15,12,11,7,6,17,10,5,21],"class_list":["post-3","page","type-page","status-publish","hentry","tag-cestina-pro-ukrajince","tag-jazykove-kurzy-pro-ukrajince","tag-jazykove-kurzy-v-brne","tag-naucit-se-cesky-snadno","tag-naucit-se-jazyk-snadno","tag-priprava-na-zkousku-z-cestiny","tag-uceni-anglictiny","tag-uceni-se-jazyku","tag-vyuka-jazyku-v-brne"],"acf":[],"yoast_head":"<!-- This site is optimized with the Yoast SEO plugin v27.3 - https:\/\/yoast.com\/product\/yoast-seo-wordpress\/ -->\n<title>Z\u00e1sady ochrany osobn\u00edch \u00fadaj\u016f | Jazykov\u00e9 centrum - Edvista<\/title>\n<meta name=\"description\" content=\"Z\u00e1sady ochrany osobn\u00edch \u00fadaj\u016f \ud83d\udcf1 Vzd\u011bl\u00e1vac\u00ed centrum EdVista \ud83c\udf0d Kurzy \u010de\u0161tiny pro Ukrajince \ud83d\udcd8 Kurzy angli\u010dtiny \ud83d\udcf1 +420 770 624 146\" \/>\n<meta name=\"robots\" content=\"index, follow, max-snippet:-1, max-image-preview:large, max-video-preview:-1\" \/>\n<link rel=\"canonical\" href=\"https:\/\/edvista.com.ua\/cz\/privacy-policy\/\" \/>\n<meta property=\"og:locale\" content=\"cs_CZ\" \/>\n<meta property=\"og:type\" content=\"article\" \/>\n<meta property=\"og:title\" content=\"Z\u00e1sady ochrany osobn\u00edch \u00fadaj\u016f | Jazykov\u00e9 centrum - Edvista\" \/>\n<meta property=\"og:description\" content=\"Z\u00e1sady ochrany osobn\u00edch \u00fadaj\u016f \ud83d\udcf1 Vzd\u011bl\u00e1vac\u00ed centrum EdVista \ud83c\udf0d Kurzy \u010de\u0161tiny pro Ukrajince \ud83d\udcd8 Kurzy angli\u010dtiny \ud83d\udcf1 +420 770 624 146\" \/>\n<meta property=\"og:url\" content=\"https:\/\/edvista.com.ua\/cz\/privacy-policy\/\" \/>\n<meta property=\"og:site_name\" content=\"Jazykov\u00e9 centrum - Edvista\" \/>\n<meta property=\"article:publisher\" content=\"https:\/\/www.facebook.com\/EdVista\" \/>\n<meta property=\"article:modified_time\" content=\"2025-10-06T19:23:13+00:00\" \/>\n<meta property=\"og:image\" content=\"https:\/\/edvista.com.ua\/cz\/wp-content\/uploads\/2025\/06\/Frame-114.webp\" \/>\n\t<meta property=\"og:image:width\" content=\"305\" \/>\n\t<meta property=\"og:image:height\" content=\"330\" \/>\n\t<meta property=\"og:image:type\" content=\"image\/webp\" \/>\n<meta name=\"twitter:card\" content=\"summary_large_image\" \/>\n<meta name=\"twitter:title\" content=\"Z\u00e1sady ochrany osobn\u00edch \u00fadaj\u016f | Jazykov\u00e9 centrum - Edvista\" \/>\n<meta name=\"twitter:description\" content=\"Z\u00e1sady ochrany osobn\u00edch \u00fadaj\u016f \ud83d\udcf1 Vzd\u011bl\u00e1vac\u00ed centrum EdVista \ud83c\udf0d Kurzy \u010de\u0161tiny pro Ukrajince \ud83d\udcd8 Kurzy angli\u010dtiny \ud83d\udcf1 +420 770 624 146\" \/>\n<meta name=\"twitter:image\" content=\"https:\/\/edvista.com.ua\/cz\/wp-content\/uploads\/2025\/05\/Frame-116.webp\" \/>\n<meta name=\"twitter:label1\" content=\"Odhadovan\u00e1 doba \u010dten\u00ed\" \/>\n\t<meta name=\"twitter:data1\" content=\"6 minut\" \/>\n<!-- \/ Yoast SEO plugin. -->","yoast_head_json":{"title":"Z\u00e1sady ochrany osobn\u00edch \u00fadaj\u016f | Jazykov\u00e9 centrum - Edvista","description":"Z\u00e1sady ochrany osobn\u00edch \u00fadaj\u016f \ud83d\udcf1 Vzd\u011bl\u00e1vac\u00ed centrum EdVista \ud83c\udf0d Kurzy \u010de\u0161tiny pro Ukrajince \ud83d\udcd8 Kurzy angli\u010dtiny \ud83d\udcf1 +420 770 624 146","robots":{"index":"index","follow":"follow","max-snippet":"max-snippet:-1","max-image-preview":"max-image-preview:large","max-video-preview":"max-video-preview:-1"},"canonical":"https:\/\/edvista.com.ua\/cz\/privacy-policy\/","og_locale":"cs_CZ","og_type":"article","og_title":"Z\u00e1sady ochrany osobn\u00edch \u00fadaj\u016f | Jazykov\u00e9 centrum - Edvista","og_description":"Z\u00e1sady ochrany osobn\u00edch \u00fadaj\u016f \ud83d\udcf1 Vzd\u011bl\u00e1vac\u00ed centrum EdVista \ud83c\udf0d Kurzy \u010de\u0161tiny pro Ukrajince \ud83d\udcd8 Kurzy angli\u010dtiny \ud83d\udcf1 +420 770 624 146","og_url":"https:\/\/edvista.com.ua\/cz\/privacy-policy\/","og_site_name":"Jazykov\u00e9 centrum - Edvista","article_publisher":"https:\/\/www.facebook.com\/EdVista","article_modified_time":"2025-10-06T19:23:13+00:00","og_image":[{"width":305,"height":330,"url":"https:\/\/edvista.com.ua\/cz\/wp-content\/uploads\/2025\/06\/Frame-114.webp","type":"image\/webp"}],"twitter_card":"summary_large_image","twitter_title":"Z\u00e1sady ochrany osobn\u00edch \u00fadaj\u016f | Jazykov\u00e9 centrum - Edvista","twitter_description":"Z\u00e1sady ochrany osobn\u00edch \u00fadaj\u016f \ud83d\udcf1 Vzd\u011bl\u00e1vac\u00ed centrum EdVista \ud83c\udf0d Kurzy \u010de\u0161tiny pro Ukrajince \ud83d\udcd8 Kurzy angli\u010dtiny \ud83d\udcf1 +420 770 624 146","twitter_image":"https:\/\/edvista.com.ua\/cz\/wp-content\/uploads\/2025\/05\/Frame-116.webp","twitter_misc":{"Odhadovan\u00e1 doba \u010dten\u00ed":"6 minut"},"schema":{"@context":"https:\/\/schema.org","@graph":[{"@type":"WebPage","@id":"https:\/\/edvista.com.ua\/cz\/privacy-policy\/","url":"https:\/\/edvista.com.ua\/cz\/privacy-policy\/","name":"Z\u00e1sady ochrany osobn\u00edch \u00fadaj\u016f | Jazykov\u00e9 centrum - Edvista","isPartOf":{"@id":"https:\/\/edvista.com.ua\/cz\/#website"},"datePublished":"2025-05-13T07:39:39+00:00","dateModified":"2025-10-06T19:23:13+00:00","description":"Z\u00e1sady ochrany osobn\u00edch \u00fadaj\u016f \ud83d\udcf1 Vzd\u011bl\u00e1vac\u00ed centrum EdVista \ud83c\udf0d Kurzy \u010de\u0161tiny pro Ukrajince \ud83d\udcd8 Kurzy angli\u010dtiny \ud83d\udcf1 +420 770 624 146","breadcrumb":{"@id":"https:\/\/edvista.com.ua\/cz\/privacy-policy\/#breadcrumb"},"inLanguage":"cs","potentialAction":[{"@type":"ReadAction","target":["https:\/\/edvista.com.ua\/cz\/privacy-policy\/"]}]},{"@type":"BreadcrumbList","@id":"https:\/\/edvista.com.ua\/cz\/privacy-policy\/#breadcrumb","itemListElement":[{"@type":"ListItem","position":1,"name":"Dom\u016f","item":"https:\/\/edvista.com.ua\/cz\/"},{"@type":"ListItem","position":2,"name":"Z\u00e1sady ochrany osobn\u00edch \u00fadaj\u016f"}]},{"@type":"WebSite","@id":"https:\/\/edvista.com.ua\/cz\/#website","url":"https:\/\/edvista.com.ua\/cz\/","name":"Jazykov\u00e9 centrum EdVista","description":"P\u0159\u00edprava na p\u0159ijet\u00ed na \u010desk\u00e9 vysok\u00e9 \u0161koly","publisher":{"@id":"https:\/\/edvista.com.ua\/cz\/#organization"},"potentialAction":[{"@type":"SearchAction","target":{"@type":"EntryPoint","urlTemplate":"https:\/\/edvista.com.ua\/cz\/?s={search_term_string}"},"query-input":{"@type":"PropertyValueSpecification","valueRequired":true,"valueName":"search_term_string"}}],"inLanguage":"cs"},{"@type":"Organization","@id":"https:\/\/edvista.com.ua\/cz\/#organization","name":"Edvista","url":"https:\/\/edvista.com.ua\/cz\/","logo":{"@type":"ImageObject","inLanguage":"cs","@id":"https:\/\/edvista.com.ua\/cz\/#\/schema\/logo\/image\/","url":"https:\/\/edvista.com.ua\/cz\/wp-content\/uploads\/2025\/06\/logo-1.svg","contentUrl":"https:\/\/edvista.com.ua\/cz\/wp-content\/uploads\/2025\/06\/logo-1.svg","width":1,"height":1,"caption":"Edvista"},"image":{"@id":"https:\/\/edvista.com.ua\/cz\/#\/schema\/logo\/image\/"},"sameAs":["https:\/\/www.facebook.com\/EdVista","https:\/\/www.instagram.com\/ed.vista\/","https:\/\/www.threads.com\/@ed.vista?xmt=AQF0D9nImP0G7VzgulLgJYEP794vq8QLUHsl6kIYOu187bA","https:\/\/www.youtube.com\/channel\/UCxRfTgnhdIbZOn-hI9xowNA","https:\/\/www.tiktok.com\/@ed.vista?_r=1&_t=ZS-948DrdZoQbo"]}]}},"amp_enabled":true,"_links":{"self":[{"href":"https:\/\/edvista.com.ua\/cz\/wp-json\/wp\/v2\/pages\/3","targetHints":{"allow":["GET"]}}],"collection":[{"href":"https:\/\/edvista.com.ua\/cz\/wp-json\/wp\/v2\/pages"}],"about":[{"href":"https:\/\/edvista.com.ua\/cz\/wp-json\/wp\/v2\/types\/page"}],"author":[{"embeddable":true,"href":"https:\/\/edvista.com.ua\/cz\/wp-json\/wp\/v2\/users\/1"}],"replies":[{"embeddable":true,"href":"https:\/\/edvista.com.ua\/cz\/wp-json\/wp\/v2\/comments?post=3"}],"version-history":[{"count":6,"href":"https:\/\/edvista.com.ua\/cz\/wp-json\/wp\/v2\/pages\/3\/revisions"}],"predecessor-version":[{"id":1229,"href":"https:\/\/edvista.com.ua\/cz\/wp-json\/wp\/v2\/pages\/3\/revisions\/1229"}],"wp:attachment":[{"href":"https:\/\/edvista.com.ua\/cz\/wp-json\/wp\/v2\/media?parent=3"}],"wp:term":[{"taxonomy":"post_tag","embeddable":true,"href":"https:\/\/edvista.com.ua\/cz\/wp-json\/wp\/v2\/tags?post=3"}],"curies":[{"name":"wp","href":"https:\/\/api.w.org\/{rel}","templated":true}]}}