{"id":1679,"date":"2026-03-09T16:20:11","date_gmt":"2026-03-09T14:20:11","guid":{"rendered":"https:\/\/edvista.com.ua\/cz\/?page_id=1679"},"modified":"2026-04-05T16:58:21","modified_gmt":"2026-04-05T13:58:21","slug":"online-czech-intensive","status":"publish","type":"page","link":"https:\/\/edvista.com.ua\/cz\/online-czech-intensive\/","title":{"rendered":"Online intenzivn\u00ed kurz \u010de\u0161tiny"},"content":{"rendered":"\n<p>Online intenzivn\u00ed kurz \u010de\u0161tiny je komplexn\u00ed program pro Ukrajince, kte\u0159\u00ed pl\u00e1nuj\u00ed studium v \u010cesku a cht\u011bj\u00ed se ve strukturovan\u00e9m form\u00e1tu dostat na \u00farove\u0148 B2. V\u00fduka propojuje systematickou online jazykovou p\u0159\u00edpravu s podporou v kl\u00ed\u010dov\u00fdch f\u00e1z\u00edch p\u0159ij\u00edmac\u00edho procesu na \u010desk\u00e9 univerzity.<\/p>\n\n\n\n<p>Program je vhodn\u00fd pro uchaze\u010de s r\u016fznou vstupn\u00ed \u00farovn\u00ed &#8211; od \u00fapln\u00fdch za\u010d\u00e1te\u010dn\u00edk\u016f a\u017e po studenty s \u00farovn\u00ed A2 nebo B1 &#8211; a umo\u017e\u0148uje zvolit si odpov\u00eddaj\u00edc\u00ed tempo p\u0159\u00edpravy. Z\u00edsk\u00e1te nejen <a href=\"\/cz\/czech-courses-from-0-to-b2\/\">online kurz \u010de\u0161tiny<\/a>, ale tak\u00e9 kompletn\u00ed form\u00e1t podpory: v\u00fduku, konverza\u010dn\u00ed praxi, konzultace, pomoc s v\u00fdb\u011brem univerzity a studijn\u00edho oboru i podporu p\u0159i p\u0159\u00edprav\u011b dokument\u016f.<br>\u2022 online p\u0159\u00edprava z \u010de\u0161tiny do \u00farovn\u011b B2<br>\u2022 studijn\u00ed form\u00e1ty pro \u00farovn\u011b 0-B2, A2-B2 a B1-B2<br>\u2022 konverza\u010dn\u00ed praxe a tematick\u00e1 setk\u00e1n\u00ed<br>\u2022 praktick\u00e9 \u00fakoly s kontrolou<br>\u2022 <a href=\"\/cz\/preparation-for-entry-to-universities\/\">podpora p\u0159i p\u0159ijet\u00ed na \u010desk\u00e9 univerzity<\/a><br>\u2022 pomoc s v\u00fdb\u011brem studijn\u00edho programu a dokumenty<\/p>\n","protected":false},"excerpt":{"rendered":"<p>Online intenzivn\u00ed kurz \u010de\u0161tiny je komplexn\u00ed program pro Ukrajince, kte\u0159\u00ed pl\u00e1nuj\u00ed studium v \u010cesku a cht\u011bj\u00ed se ve strukturovan\u00e9m form\u00e1tu dostat na \u00farove\u0148 B2.<\/p>\n","protected":false},"author":1,"featured_media":1725,"parent":0,"menu_order":0,"comment_status":"closed","ping_status":"closed","template":"page-service-intensive.php","meta":{"_acf_changed":false,"footnotes":""},"tags":[],"class_list":["post-1679","page","type-page","status-publish","has-post-thumbnail","hentry"],"acf":[],"yoast_head":"<!-- This site is optimized with the Yoast SEO plugin v27.3 - https:\/\/yoast.com\/product\/yoast-seo-wordpress\/ -->\n<title>Online intenzivn\u00ed kurz \u010de\u0161tiny - B2 a podpora p\u0159i p\u0159ijet\u00ed<\/title>\n<meta name=\"description\" content=\"Online intenzivn\u00ed kurz \u010de\u0161tiny pro Ukrajince: p\u0159\u00edprava na \u00farove\u0148 B2, konverza\u010dn\u00ed praxe, praktick\u00e9 \u00fakoly a podpora p\u0159i p\u0159ijet\u00ed na \u010desk\u00e9 univerzity\" \/>\n<meta name=\"robots\" content=\"index, follow, max-snippet:-1, max-image-preview:large, max-video-preview:-1\" \/>\n<link rel=\"canonical\" href=\"https:\/\/edvista.com.ua\/cz\/online-czech-intensive\/\" \/>\n<meta property=\"og:locale\" content=\"cs_CZ\" \/>\n<meta property=\"og:type\" content=\"article\" \/>\n<meta property=\"og:title\" content=\"Online intenzivn\u00ed kurz \u010de\u0161tiny - B2 a podpora p\u0159i p\u0159ijet\u00ed\" \/>\n<meta property=\"og:description\" content=\"Online intenzivn\u00ed kurz \u010de\u0161tiny pro Ukrajince: p\u0159\u00edprava na \u00farove\u0148 B2, konverza\u010dn\u00ed praxe, praktick\u00e9 \u00fakoly a podpora p\u0159i p\u0159ijet\u00ed na \u010desk\u00e9 univerzity\" \/>\n<meta property=\"og:url\" content=\"https:\/\/edvista.com.ua\/cz\/online-czech-intensive\/\" \/>\n<meta property=\"og:site_name\" content=\"Jazykov\u00e9 centrum - Edvista\" \/>\n<meta property=\"article:publisher\" content=\"https:\/\/www.facebook.com\/EdVista\" \/>\n<meta property=\"article:modified_time\" content=\"2026-04-05T13:58:21+00:00\" \/>\n<meta name=\"twitter:card\" content=\"summary_large_image\" \/>\n<meta name=\"twitter:label1\" content=\"Odhadovan\u00e1 doba \u010dten\u00ed\" \/>\n\t<meta name=\"twitter:data1\" content=\"1 minuta\" \/>\n<!-- \/ Yoast SEO plugin. -->","yoast_head_json":{"title":"Online intenzivn\u00ed kurz \u010de\u0161tiny - B2 a podpora p\u0159i p\u0159ijet\u00ed","description":"Online intenzivn\u00ed kurz \u010de\u0161tiny pro Ukrajince: p\u0159\u00edprava na \u00farove\u0148 B2, konverza\u010dn\u00ed praxe, praktick\u00e9 \u00fakoly a podpora p\u0159i p\u0159ijet\u00ed na \u010desk\u00e9 univerzity","robots":{"index":"index","follow":"follow","max-snippet":"max-snippet:-1","max-image-preview":"max-image-preview:large","max-video-preview":"max-video-preview:-1"},"canonical":"https:\/\/edvista.com.ua\/cz\/online-czech-intensive\/","og_locale":"cs_CZ","og_type":"article","og_title":"Online intenzivn\u00ed kurz \u010de\u0161tiny - B2 a podpora p\u0159i p\u0159ijet\u00ed","og_description":"Online intenzivn\u00ed kurz \u010de\u0161tiny pro Ukrajince: p\u0159\u00edprava na \u00farove\u0148 B2, konverza\u010dn\u00ed praxe, praktick\u00e9 \u00fakoly a podpora p\u0159i p\u0159ijet\u00ed na \u010desk\u00e9 univerzity","og_url":"https:\/\/edvista.com.ua\/cz\/online-czech-intensive\/","og_site_name":"Jazykov\u00e9 centrum - Edvista","article_publisher":"https:\/\/www.facebook.com\/EdVista","article_modified_time":"2026-04-05T13:58:21+00:00","twitter_card":"summary_large_image","twitter_misc":{"Odhadovan\u00e1 doba \u010dten\u00ed":"1 minuta"},"schema":{"@context":"https:\/\/schema.org","@graph":[{"@type":"WebPage","@id":"https:\/\/edvista.com.ua\/cz\/online-czech-intensive\/","url":"https:\/\/edvista.com.ua\/cz\/online-czech-intensive\/","name":"Online intenzivn\u00ed kurz \u010de\u0161tiny - B2 a podpora p\u0159i p\u0159ijet\u00ed","isPartOf":{"@id":"https:\/\/edvista.com.ua\/cz\/#website"},"primaryImageOfPage":{"@id":"https:\/\/edvista.com.ua\/cz\/online-czech-intensive\/#primaryimage"},"image":{"@id":"https:\/\/edvista.com.ua\/cz\/online-czech-intensive\/#primaryimage"},"thumbnailUrl":"https:\/\/edvista.com.ua\/cz\/wp-content\/uploads\/2026\/03\/girl-student-with-laptop-online-czech-intensive.avif","datePublished":"2026-03-09T14:20:11+00:00","dateModified":"2026-04-05T13:58:21+00:00","description":"Online intenzivn\u00ed kurz \u010de\u0161tiny pro Ukrajince: p\u0159\u00edprava na \u00farove\u0148 B2, konverza\u010dn\u00ed praxe, praktick\u00e9 \u00fakoly a podpora p\u0159i p\u0159ijet\u00ed na \u010desk\u00e9 univerzity","breadcrumb":{"@id":"https:\/\/edvista.com.ua\/cz\/online-czech-intensive\/#breadcrumb"},"inLanguage":"cs","potentialAction":[{"@type":"ReadAction","target":["https:\/\/edvista.com.ua\/cz\/online-czech-intensive\/"]}]},{"@type":"ImageObject","inLanguage":"cs","@id":"https:\/\/edvista.com.ua\/cz\/online-czech-intensive\/#primaryimage","url":"https:\/\/edvista.com.ua\/cz\/wp-content\/uploads\/2026\/03\/girl-student-with-laptop-online-czech-intensive.avif","contentUrl":"https:\/\/edvista.com.ua\/cz\/wp-content\/uploads\/2026\/03\/girl-student-with-laptop-online-czech-intensive.avif","width":350,"height":375,"caption":"Studentka studuje cestinu online na notebooku"},{"@type":"BreadcrumbList","@id":"https:\/\/edvista.com.ua\/cz\/online-czech-intensive\/#breadcrumb","itemListElement":[{"@type":"ListItem","position":1,"name":"Dom\u016f","item":"https:\/\/edvista.com.ua\/cz\/"},{"@type":"ListItem","position":2,"name":"Online intenzivn\u00ed kurz \u010de\u0161tiny"}]},{"@type":"WebSite","@id":"https:\/\/edvista.com.ua\/cz\/#website","url":"https:\/\/edvista.com.ua\/cz\/","name":"Jazykov\u00e9 centrum EdVista","description":"P\u0159\u00edprava na p\u0159ijet\u00ed na \u010desk\u00e9 vysok\u00e9 \u0161koly","publisher":{"@id":"https:\/\/edvista.com.ua\/cz\/#organization"},"potentialAction":[{"@type":"SearchAction","target":{"@type":"EntryPoint","urlTemplate":"https:\/\/edvista.com.ua\/cz\/?s={search_term_string}"},"query-input":{"@type":"PropertyValueSpecification","valueRequired":true,"valueName":"search_term_string"}}],"inLanguage":"cs"},{"@type":"Organization","@id":"https:\/\/edvista.com.ua\/cz\/#organization","name":"Edvista","url":"https:\/\/edvista.com.ua\/cz\/","logo":{"@type":"ImageObject","inLanguage":"cs","@id":"https:\/\/edvista.com.ua\/cz\/#\/schema\/logo\/image\/","url":"https:\/\/edvista.com.ua\/cz\/wp-content\/uploads\/2025\/06\/logo-1.svg","contentUrl":"https:\/\/edvista.com.ua\/cz\/wp-content\/uploads\/2025\/06\/logo-1.svg","width":1,"height":1,"caption":"Edvista"},"image":{"@id":"https:\/\/edvista.com.ua\/cz\/#\/schema\/logo\/image\/"},"sameAs":["https:\/\/www.facebook.com\/EdVista","https:\/\/www.instagram.com\/ed.vista\/","https:\/\/www.threads.com\/@ed.vista?xmt=AQF0D9nImP0G7VzgulLgJYEP794vq8QLUHsl6kIYOu187bA","https:\/\/www.youtube.com\/channel\/UCxRfTgnhdIbZOn-hI9xowNA","https:\/\/www.tiktok.com\/@ed.vista?_r=1&_t=ZS-948DrdZoQbo"]}]}},"amp_enabled":true,"_links":{"self":[{"href":"https:\/\/edvista.com.ua\/cz\/wp-json\/wp\/v2\/pages\/1679","targetHints":{"allow":["GET"]}}],"collection":[{"href":"https:\/\/edvista.com.ua\/cz\/wp-json\/wp\/v2\/pages"}],"about":[{"href":"https:\/\/edvista.com.ua\/cz\/wp-json\/wp\/v2\/types\/page"}],"author":[{"embeddable":true,"href":"https:\/\/edvista.com.ua\/cz\/wp-json\/wp\/v2\/users\/1"}],"replies":[{"embeddable":true,"href":"https:\/\/edvista.com.ua\/cz\/wp-json\/wp\/v2\/comments?post=1679"}],"version-history":[{"count":16,"href":"https:\/\/edvista.com.ua\/cz\/wp-json\/wp\/v2\/pages\/1679\/revisions"}],"predecessor-version":[{"id":1779,"href":"https:\/\/edvista.com.ua\/cz\/wp-json\/wp\/v2\/pages\/1679\/revisions\/1779"}],"wp:featuredmedia":[{"embeddable":true,"href":"https:\/\/edvista.com.ua\/cz\/wp-json\/wp\/v2\/media\/1725"}],"wp:attachment":[{"href":"https:\/\/edvista.com.ua\/cz\/wp-json\/wp\/v2\/media?parent=1679"}],"wp:term":[{"taxonomy":"post_tag","embeddable":true,"href":"https:\/\/edvista.com.ua\/cz\/wp-json\/wp\/v2\/tags?post=1679"}],"curies":[{"name":"wp","href":"https:\/\/api.w.org\/{rel}","templated":true}]}}