{"id":1448,"date":"2026-01-28T14:12:24","date_gmt":"2026-01-28T12:12:24","guid":{"rendered":"https:\/\/edvista.com.ua\/cz\/?page_id=1448"},"modified":"2026-04-02T10:03:53","modified_gmt":"2026-04-02T07:03:53","slug":"personal-consultation","status":"publish","type":"page","link":"https:\/\/edvista.com.ua\/cz\/personal-consultation\/","title":{"rendered":"Osobn\u00ed konzultace"},"content":{"rendered":"","protected":false},"excerpt":{"rendered":"","protected":false},"author":1,"featured_media":0,"parent":0,"menu_order":0,"comment_status":"closed","ping_status":"closed","template":"page-personal-consultation.php","meta":{"_acf_changed":false,"footnotes":""},"tags":[],"class_list":["post-1448","page","type-page","status-publish","hentry"],"acf":[],"yoast_head":"<!-- This site is optimized with the Yoast SEO plugin v27.3 - https:\/\/yoast.com\/product\/yoast-seo-wordpress\/ -->\n<title>Osobn\u00ed konzultace v jazykov\u00e9m centru EdVista<\/title>\n<meta name=\"description\" content=\"Objednejte si osobn\u00ed konzultaci v EdVista: ur\u010d\u00edme va\u0161i \u00farove\u0148 \u010de\u0161tiny, doporu\u010d\u00edme kurz a studijn\u00ed pl\u00e1n a zodpov\u00edme dotazy ke studiu v \u010cesku.\" \/>\n<meta name=\"robots\" content=\"noindex, nofollow\" \/>\n<meta property=\"og:locale\" content=\"cs_CZ\" \/>\n<meta property=\"og:type\" content=\"article\" \/>\n<meta property=\"og:title\" content=\"Osobn\u00ed konzultace v jazykov\u00e9m centru EdVista\" \/>\n<meta property=\"og:description\" content=\"Objednejte si osobn\u00ed konzultaci v EdVista: ur\u010d\u00edme va\u0161i \u00farove\u0148 \u010de\u0161tiny, doporu\u010d\u00edme kurz a studijn\u00ed pl\u00e1n a zodpov\u00edme dotazy ke studiu v \u010cesku.\" \/>\n<meta property=\"og:url\" content=\"https:\/\/edvista.com.ua\/cz\/personal-consultation\/\" \/>\n<meta property=\"og:site_name\" content=\"Jazykov\u00e9 centrum - Edvista\" \/>\n<meta property=\"article:publisher\" content=\"https:\/\/www.facebook.com\/EdVista\" \/>\n<meta property=\"article:modified_time\" content=\"2026-04-02T07:03:53+00:00\" \/>\n<meta property=\"og:image\" content=\"https:\/\/edvista.com.ua\/cz\/wp-content\/uploads\/2026\/02\/Frame-73-1.jpg\" \/>\n\t<meta property=\"og:image:width\" content=\"1539\" \/>\n\t<meta property=\"og:image:height\" content=\"750\" \/>\n\t<meta property=\"og:image:type\" content=\"image\/jpeg\" \/>\n<meta name=\"twitter:card\" content=\"summary_large_image\" \/>\n<meta name=\"twitter:title\" content=\"Osobn\u00ed konzultace v jazykov\u00e9m centru EdVista\" \/>\n<meta name=\"twitter:description\" content=\"Objednejte si osobn\u00ed konzultaci v EdVista: ur\u010d\u00edme va\u0161i \u00farove\u0148 \u010de\u0161tiny, doporu\u010d\u00edme kurz a studijn\u00ed pl\u00e1n a zodpov\u00edme dotazy ke studiu v \u010cesku.\" \/>\n<meta name=\"twitter:image\" content=\"https:\/\/edvista.com.ua\/cz\/wp-content\/uploads\/2026\/02\/Frame-73-1.jpg\" \/>\n<!-- \/ Yoast SEO plugin. -->","yoast_head_json":{"title":"Osobn\u00ed konzultace v jazykov\u00e9m centru EdVista","description":"Objednejte si osobn\u00ed konzultaci v EdVista: ur\u010d\u00edme va\u0161i \u00farove\u0148 \u010de\u0161tiny, doporu\u010d\u00edme kurz a studijn\u00ed pl\u00e1n a zodpov\u00edme dotazy ke studiu v \u010cesku.","robots":{"index":"noindex","follow":"nofollow"},"og_locale":"cs_CZ","og_type":"article","og_title":"Osobn\u00ed konzultace v jazykov\u00e9m centru EdVista","og_description":"Objednejte si osobn\u00ed konzultaci v EdVista: ur\u010d\u00edme va\u0161i \u00farove\u0148 \u010de\u0161tiny, doporu\u010d\u00edme kurz a studijn\u00ed pl\u00e1n a zodpov\u00edme dotazy ke studiu v \u010cesku.","og_url":"https:\/\/edvista.com.ua\/cz\/personal-consultation\/","og_site_name":"Jazykov\u00e9 centrum - Edvista","article_publisher":"https:\/\/www.facebook.com\/EdVista","article_modified_time":"2026-04-02T07:03:53+00:00","og_image":[{"width":1539,"height":750,"url":"https:\/\/edvista.com.ua\/cz\/wp-content\/uploads\/2026\/02\/Frame-73-1.jpg","type":"image\/jpeg"}],"twitter_card":"summary_large_image","twitter_title":"Osobn\u00ed konzultace v jazykov\u00e9m centru EdVista","twitter_description":"Objednejte si osobn\u00ed konzultaci v EdVista: ur\u010d\u00edme va\u0161i \u00farove\u0148 \u010de\u0161tiny, doporu\u010d\u00edme kurz a studijn\u00ed pl\u00e1n a zodpov\u00edme dotazy ke studiu v \u010cesku.","twitter_image":"https:\/\/edvista.com.ua\/cz\/wp-content\/uploads\/2026\/02\/Frame-73-1.jpg","schema":{"@context":"https:\/\/schema.org","@graph":[{"@type":"WebPage","@id":"https:\/\/edvista.com.ua\/cz\/personal-consultation\/","url":"https:\/\/edvista.com.ua\/cz\/personal-consultation\/","name":"Osobn\u00ed konzultace v jazykov\u00e9m centru EdVista","isPartOf":{"@id":"https:\/\/edvista.com.ua\/cz\/#website"},"datePublished":"2026-01-28T12:12:24+00:00","dateModified":"2026-04-02T07:03:53+00:00","description":"Objednejte si osobn\u00ed konzultaci v EdVista: ur\u010d\u00edme va\u0161i \u00farove\u0148 \u010de\u0161tiny, doporu\u010d\u00edme kurz a studijn\u00ed pl\u00e1n a zodpov\u00edme dotazy ke studiu v \u010cesku.","breadcrumb":{"@id":"https:\/\/edvista.com.ua\/cz\/personal-consultation\/#breadcrumb"},"inLanguage":"cs","potentialAction":[{"@type":"ReadAction","target":["https:\/\/edvista.com.ua\/cz\/personal-consultation\/"]}]},{"@type":"BreadcrumbList","@id":"https:\/\/edvista.com.ua\/cz\/personal-consultation\/#breadcrumb","itemListElement":[{"@type":"ListItem","position":1,"name":"Dom\u016f","item":"https:\/\/edvista.com.ua\/cz\/"},{"@type":"ListItem","position":2,"name":"Osobn\u00ed konzultace"}]},{"@type":"WebSite","@id":"https:\/\/edvista.com.ua\/cz\/#website","url":"https:\/\/edvista.com.ua\/cz\/","name":"Jazykov\u00e9 centrum EdVista","description":"P\u0159\u00edprava na p\u0159ijet\u00ed na \u010desk\u00e9 vysok\u00e9 \u0161koly","publisher":{"@id":"https:\/\/edvista.com.ua\/cz\/#organization"},"potentialAction":[{"@type":"SearchAction","target":{"@type":"EntryPoint","urlTemplate":"https:\/\/edvista.com.ua\/cz\/?s={search_term_string}"},"query-input":{"@type":"PropertyValueSpecification","valueRequired":true,"valueName":"search_term_string"}}],"inLanguage":"cs"},{"@type":"Organization","@id":"https:\/\/edvista.com.ua\/cz\/#organization","name":"Edvista","url":"https:\/\/edvista.com.ua\/cz\/","logo":{"@type":"ImageObject","inLanguage":"cs","@id":"https:\/\/edvista.com.ua\/cz\/#\/schema\/logo\/image\/","url":"https:\/\/edvista.com.ua\/cz\/wp-content\/uploads\/2025\/06\/logo-1.svg","contentUrl":"https:\/\/edvista.com.ua\/cz\/wp-content\/uploads\/2025\/06\/logo-1.svg","width":1,"height":1,"caption":"Edvista"},"image":{"@id":"https:\/\/edvista.com.ua\/cz\/#\/schema\/logo\/image\/"},"sameAs":["https:\/\/www.facebook.com\/EdVista","https:\/\/www.instagram.com\/ed.vista\/","https:\/\/www.threads.com\/@ed.vista?xmt=AQF0D9nImP0G7VzgulLgJYEP794vq8QLUHsl6kIYOu187bA","https:\/\/www.youtube.com\/channel\/UCxRfTgnhdIbZOn-hI9xowNA","https:\/\/www.tiktok.com\/@ed.vista?_r=1&_t=ZS-948DrdZoQbo"]}]}},"amp_enabled":true,"_links":{"self":[{"href":"https:\/\/edvista.com.ua\/cz\/wp-json\/wp\/v2\/pages\/1448","targetHints":{"allow":["GET"]}}],"collection":[{"href":"https:\/\/edvista.com.ua\/cz\/wp-json\/wp\/v2\/pages"}],"about":[{"href":"https:\/\/edvista.com.ua\/cz\/wp-json\/wp\/v2\/types\/page"}],"author":[{"embeddable":true,"href":"https:\/\/edvista.com.ua\/cz\/wp-json\/wp\/v2\/users\/1"}],"replies":[{"embeddable":true,"href":"https:\/\/edvista.com.ua\/cz\/wp-json\/wp\/v2\/comments?post=1448"}],"version-history":[{"count":2,"href":"https:\/\/edvista.com.ua\/cz\/wp-json\/wp\/v2\/pages\/1448\/revisions"}],"predecessor-version":[{"id":1450,"href":"https:\/\/edvista.com.ua\/cz\/wp-json\/wp\/v2\/pages\/1448\/revisions\/1450"}],"wp:attachment":[{"href":"https:\/\/edvista.com.ua\/cz\/wp-json\/wp\/v2\/media?parent=1448"}],"wp:term":[{"taxonomy":"post_tag","embeddable":true,"href":"https:\/\/edvista.com.ua\/cz\/wp-json\/wp\/v2\/tags?post=1448"}],"curies":[{"name":"wp","href":"https:\/\/api.w.org\/{rel}","templated":true}]}}