{"id":138,"date":"2025-05-19T12:08:36","date_gmt":"2025-05-19T09:08:36","guid":{"rendered":"http:\/\/edvista.cz\/?page_id=138"},"modified":"2026-03-01T19:16:09","modified_gmt":"2026-03-01T17:16:09","slug":"news","status":"publish","type":"page","link":"https:\/\/edvista.com.ua\/cz\/news\/","title":{"rendered":"Zpr\u00e1vy"},"content":{"rendered":"\n<h3 class=\"wp-block-heading\">U\u017eite\u010dn\u00e9 novinky: bu\u010fte mezi prvn\u00edmi, kdo se dozv\u00ed v\u00edc <strong>o n\u00e1s<\/strong><\/h3>\n\n\n\n<p>Ve\u202fsoudob\u00e9m vzd\u011bl\u00e1vac\u00edm prost\u0159ed\u00ed doch\u00e1z\u00ed ke zm\u011bn\u00e1m ka\u017ed\u00fd den. Objevuj\u00ed se nov\u00e9 v\u00fdukov\u00e9 metody, m\u011bn\u00ed se pot\u0159eby student\u016f, otev\u00edraj\u00ed se nov\u00e9 skupiny a za\u010d\u00ednaj\u00ed nov\u00e9 kurzy. Vzd\u011bl\u00e1vac\u00ed iniciativy a jazykov\u00e9 kluby pom\u00e1haj\u00ed d\u011blat v\u00fduku zaj\u00edmav\u011bj\u0161\u00ed a dynami\u010dt\u011bj\u0161\u00ed. Ve\u202f<a href=\"\/\" target=\"_blank\" rel=\"noreferrer noopener\">EdVista<\/a> vn\u00edm\u00e1me tyto zm\u011bny jako sou\u010d\u00e1st \u017eiv\u00e9ho procesu \u2013 odpov\u011b\u010f na pot\u0159ebu u\u010dit se jazyky, b\u00fdt otev\u0159en\u00fd nov\u00fdm kultur\u00e1m a komunikovat bez bari\u00e9r. Proto jsme vytvo\u0159ili sekci, kde najdete u\u017eite\u010dn\u00e9 novinky \u2013 ov\u011b\u0159en\u00e9, aktu\u00e1ln\u00ed a praktick\u00e9 informace o n\u00e1s a v\u0161em, co d\u011bl\u00e1me pro v\u00e1\u0161 rozvoj.<\/p>\n\n\n\n<h3 class=\"wp-block-heading\">Co v sekci najdete?<\/h3>\n\n\n\n<p>Chceme, abyste m\u011bli v\u017edy p\u0159ehled o tom nejd\u016fle\u017eit\u011bj\u0161\u00edm. V t\u00e9to sekci zve\u0159ej\u0148ujeme u\u017eite\u010dn\u00e9 novinky o:<\/p>\n\n\n\n<ul class=\"wp-block-list\">\n<li>otev\u00edr\u00e1n\u00ed nov\u00fdch skupin angli\u010dtiny a \u010de\u0161tiny;<\/li>\n\n\n\n<li>za\u010d\u00e1tku kurz\u016f pro r\u016fzn\u00e9 \u00farovn\u011b a v\u011bkov\u00e9 kategorie;<\/li>\n\n\n\n<li>tipech od lektor\u016f, jak se u\u010dit efektivn\u011bji;<\/li>\n\n\n\n<li>pozv\u00e1nk\u00e1ch na webin\u00e1\u0159e, jazykov\u00e9 kluby a praktick\u00e1 setk\u00e1n\u00ed;<\/li>\n\n\n\n<li>zm\u011bn\u00e1ch ve vzd\u011bl\u00e1vac\u00edch programech a nov\u00fdch p\u0159\u00edle\u017eitostech pro studenty.<\/li>\n<\/ul>\n\n\n\n<p>Sd\u00edl\u00edme v\u0161e, co v\u00e1m pom\u016f\u017ee l\u00e9pe se orientovat v jazykov\u00e9m sv\u011bt\u011b. A\u0165 u\u017e se chcete nau\u010dit \u010de\u0161tinu kv\u016fli studiu v zahrani\u010d\u00ed, nebo zlep\u0161it angli\u010dtinu pro pr\u00e1ci, cestov\u00e1n\u00ed \u010di ka\u017edodenn\u00ed komunikaci \u2013 jsme tu pro v\u00e1s.<\/p>\n\n\n\n<h3 class=\"wp-block-heading\">U\u010den\u00ed bez hranic: \u010de\u0161tina a angli\u010dtina pro kari\u00e9ru a vzd\u011bl\u00e1n\u00ed<\/h3>\n\n\n\n<p>V t\u00e9to sekci najdete:<\/p>\n\n\n\n<ul class=\"wp-block-list\">\n<li>tipy, jak si zlep\u0161it angli\u010dtinu pro profesn\u00ed r\u016fst, cestov\u00e1n\u00ed nebo mezin\u00e1rodn\u00ed komunikaci;<\/li>\n\n\n\n<li>informace o studiu na univerzit\u00e1ch v\u202f\u010cesku a o\u202ftom, jak se na n\u011bj p\u0159ipravit;<\/li>\n\n\n\n<li>v\u00fdb\u011br p\u0159\u00edpravn\u00fdch kurz\u016f, kter\u00e9 skute\u010dn\u011b funguj\u00ed.<\/li>\n<\/ul>\n\n\n\n<p>Podle v\u00fdzkumu Cambridge Assessment English pova\u017euje 93 % zam\u011bstnavatel\u016f znalost angli\u010dtiny za nezbytnou \u2013 i proto p\u0159in\u00e1\u0161\u00edme novinky, kter\u00e9 v\u00e1s podpo\u0159\u00ed na cest\u011b k \u00fasp\u011bchu.<\/p>\n\n\n\n<h3 class=\"wp-block-heading\">Trendy ve vzd\u011bl\u00e1v\u00e1n\u00ed: nov\u00e9 p\u0159\u00edstupy k v\u00fduce jazyk\u016f<\/h3>\n\n\n\n<p>Jazykov\u00e9 vzd\u011bl\u00e1v\u00e1n\u00ed se neust\u00e1le vyv\u00edj\u00ed. Ka\u017ed\u00fd rok vznikaj\u00ed nov\u00e9 n\u00e1stroje, platformy a metody, kter\u00e9 m\u011bn\u00ed p\u0159\u00edstup k\u202fv\u00fduce. V sekci \u201eNovinky\u201c pravideln\u011b sd\u00edl\u00edme to nejnov\u011bj\u0161\u00ed ze sv\u011bta jazykov\u00e9ho vzd\u011bl\u00e1v\u00e1n\u00ed, abyste si mohli vybrat styl u\u010den\u00ed, kter\u00fd odpov\u00edd\u00e1 va\u0161im c\u00edl\u016fm, tempu \u017eivota a zp\u016fsobu vn\u00edm\u00e1n\u00ed informac\u00ed.<\/p>\n\n\n\n<h3 class=\"wp-block-heading\">Sledujte novinky a u\u010dte se s radost\u00ed<\/h3>\n\n\n\n<p>Pravideln\u011b aktualizujeme informace o na\u0161ich programech: kurzy \u010desk\u00e9ho jazyka, kurzy angli\u010dtiny, vylep\u0161ujeme v\u00fdukov\u00e9 pl\u00e1ny, aby v\u00e1m p\u0159in\u00e1\u0161ely co nejv\u00edce. A\u0165 u\u017e hled\u00e1te kurz \u010de\u0161tiny pro studium nebo st\u011bhov\u00e1n\u00ed, \u010di angli\u010dtinu pro pr\u00e1ci a cestov\u00e1n\u00ed \u2013 o n\u00e1s plat\u00ed jedno: nab\u00edz\u00edme kvalitn\u00ed vzd\u011bl\u00e1n\u00ed, kter\u00e9 v\u00e1s posune d\u00e1l.<\/p>\n\n\n\n<p>Chcete b\u00fdt st\u00e1le v obraze? Sledujte n\u00e1s na soci\u00e1ln\u00edch s\u00edt\u00edch \u2013 jsme aktivn\u00ed na <a href=\"https:\/\/www.instagram.com\/ed.vista\" target=\"_blank\" rel=\"noreferrer noopener nofollow\">Instagram<\/a>,\u00a0<a href=\"https:\/\/www.facebook.com\/share\/19rHBVQ5ad\/?mibextid=wwXIfr\" target=\"_blank\" rel=\"noreferrer noopener nofollow\">Facebook<\/a>\u00a0a <a href=\"https:\/\/www.tiktok.com\/@ed.vista?_t=ZM-8wyeeoynBOH&amp;_r=1\" target=\"_blank\" rel=\"noreferrer noopener nofollow\">TikTok<\/a>, kde ka\u017ed\u00fd den sd\u00edl\u00edme praktick\u00e9 rady, p\u0159\u00edb\u011bhy student\u016f i inspiraci. Spojit se s n\u00e1mi m\u016f\u017eete tak\u00e9 p\u0159es \u00a0<a href=\"https:\/\/t.me\/+420770624146\" target=\"_blank\" rel=\"nofollow\">Telegram\u00a0<\/a>nebo <a href=\"https:\/\/wa.me\/+420770624146\" target=\"_blank\" rel=\"nofollow\">WhatsApp<\/a>, p\u0159\u00edpadn\u011b telefonicky na \u010d\u00edslech <a href=\"tel:+420770624146\">+420 770 624 146<\/a>. To nejzaj\u00edmav\u011bj\u0161\u00ed je teprve p\u0159ed n\u00e1mi \u2013 a vy m\u016f\u017eete b\u00fdt u toho jako prvn\u00ed.<\/p>\n\n\n\n<p><\/p>\n","protected":false},"excerpt":{"rendered":"<p>U\u017eite\u010dn\u00e9 novinky: bu\u010fte mezi prvn\u00edmi, kdo se dozv\u00ed v\u00edc o n\u00e1s Ve\u202fsoudob\u00e9m vzd\u011bl\u00e1vac\u00edm prost\u0159ed\u00ed doch\u00e1z\u00ed ke zm\u011bn\u00e1m ka\u017ed\u00fd den. Objevuj\u00ed se nov\u00e9 v\u00fdukov\u00e9 metody, m\u011bn\u00ed se pot\u0159eby student\u016f, otev\u00edraj\u00ed se nov\u00e9 skupiny a za\u010d\u00ednaj\u00ed nov\u00e9 kurzy. Vzd\u011bl\u00e1vac\u00ed iniciativy a jazykov\u00e9 kluby pom\u00e1haj\u00ed d\u011blat v\u00fduku zaj\u00edmav\u011bj\u0161\u00ed a dynami\u010dt\u011bj\u0161\u00ed. Ve\u202fEdVista vn\u00edm\u00e1me tyto zm\u011bny jako sou\u010d\u00e1st \u017eiv\u00e9ho procesu [&hellip;]<\/p>\n","protected":false},"author":1,"featured_media":0,"parent":0,"menu_order":0,"comment_status":"closed","ping_status":"closed","template":"page-blog.php","meta":{"_acf_changed":false,"footnotes":""},"tags":[12,11,7,6,10,5],"class_list":["post-138","page","type-page","status-publish","hentry","tag-jazykove-kurzy-pro-ukrajince","tag-jazykove-kurzy-v-brne","tag-naucit-se-cesky-snadno","tag-naucit-se-jazyk-snadno","tag-uceni-anglictiny","tag-uceni-se-jazyku"],"acf":[],"yoast_head":"<!-- This site is optimized with the Yoast SEO plugin v27.3 - https:\/\/yoast.com\/product\/yoast-seo-wordpress\/ -->\n<title>Zpr\u00e1vy | EdVista<\/title>\n<meta name=\"description\" content=\"Novinky EdVista: jak se u\u010dit \u010de\u0161tinu od nuly, online kurzy \u010de\u0161tiny, p\u0159\u00edprava na p\u0159ijet\u00ed na \u010desk\u00e9 univerzity a \u00farovn\u011b A1-A2-B2.\" \/>\n<meta name=\"robots\" content=\"index, follow, max-snippet:-1, max-image-preview:large, max-video-preview:-1\" \/>\n<link rel=\"canonical\" href=\"https:\/\/edvista.com.ua\/cz\/news\/\" \/>\n<meta property=\"og:locale\" content=\"cs_CZ\" \/>\n<meta property=\"og:type\" content=\"article\" \/>\n<meta property=\"og:title\" content=\"Zpr\u00e1vy | EdVista\" \/>\n<meta property=\"og:description\" content=\"Zpr\u00e1vy \ud83c\udf10 Vzd\u011bl\u00e1vac\u00ed centrum EdVista \ud83c\udf0d Kurzy \u010de\u0161tiny pro Ukrajince \ud83d\udcd8 Kurzy angli\u010dtiny \ud83d\udcf1 +420 770 624 146\" \/>\n<meta property=\"og:url\" content=\"https:\/\/edvista.com.ua\/cz\/news\/\" \/>\n<meta property=\"og:site_name\" content=\"Jazykov\u00e9 centrum - Edvista\" \/>\n<meta property=\"article:publisher\" content=\"https:\/\/www.facebook.com\/EdVista\" \/>\n<meta property=\"article:modified_time\" content=\"2026-03-01T17:16:09+00:00\" \/>\n<meta property=\"og:image\" content=\"https:\/\/edvista.com.ua\/cz\/wp-content\/uploads\/2025\/06\/9c5117c29e5dcc92616714482ff9e9fad9ce8f5c.webp\" \/>\n\t<meta property=\"og:image:width\" content=\"1569\" \/>\n\t<meta property=\"og:image:height\" content=\"1046\" \/>\n\t<meta property=\"og:image:type\" content=\"image\/webp\" \/>\n<meta name=\"twitter:card\" content=\"summary_large_image\" \/>\n<meta name=\"twitter:title\" content=\"Zpr\u00e1vy | EdVista\" \/>\n<meta name=\"twitter:description\" content=\"Zpr\u00e1vy \ud83c\udf10 Vzd\u011bl\u00e1vac\u00ed centrum EdVista \ud83c\udf0d Kurzy \u010de\u0161tiny pro Ukrajince \ud83d\udcd8 Kurzy angli\u010dtiny \ud83d\udcf1 +420 770 624 146\" \/>\n<meta name=\"twitter:image\" content=\"https:\/\/edvista.com.ua\/cz\/wp-content\/uploads\/2025\/06\/9c5117c29e5dcc92616714482ff9e9fad9ce8f5c.webp\" \/>\n<meta name=\"twitter:label1\" content=\"Odhadovan\u00e1 doba \u010dten\u00ed\" \/>\n\t<meta name=\"twitter:data1\" content=\"3 minuty\" \/>\n<!-- \/ Yoast SEO plugin. -->","yoast_head_json":{"title":"Zpr\u00e1vy | EdVista","description":"Novinky EdVista: jak se u\u010dit \u010de\u0161tinu od nuly, online kurzy \u010de\u0161tiny, p\u0159\u00edprava na p\u0159ijet\u00ed na \u010desk\u00e9 univerzity a \u00farovn\u011b A1-A2-B2.","robots":{"index":"index","follow":"follow","max-snippet":"max-snippet:-1","max-image-preview":"max-image-preview:large","max-video-preview":"max-video-preview:-1"},"canonical":"https:\/\/edvista.com.ua\/cz\/news\/","og_locale":"cs_CZ","og_type":"article","og_title":"Zpr\u00e1vy | EdVista","og_description":"Zpr\u00e1vy \ud83c\udf10 Vzd\u011bl\u00e1vac\u00ed centrum EdVista \ud83c\udf0d Kurzy \u010de\u0161tiny pro Ukrajince \ud83d\udcd8 Kurzy angli\u010dtiny \ud83d\udcf1 +420 770 624 146","og_url":"https:\/\/edvista.com.ua\/cz\/news\/","og_site_name":"Jazykov\u00e9 centrum - Edvista","article_publisher":"https:\/\/www.facebook.com\/EdVista","article_modified_time":"2026-03-01T17:16:09+00:00","og_image":[{"width":1569,"height":1046,"url":"https:\/\/edvista.com.ua\/cz\/wp-content\/uploads\/2025\/06\/9c5117c29e5dcc92616714482ff9e9fad9ce8f5c.webp","type":"image\/webp"}],"twitter_card":"summary_large_image","twitter_title":"Zpr\u00e1vy | EdVista","twitter_description":"Zpr\u00e1vy \ud83c\udf10 Vzd\u011bl\u00e1vac\u00ed centrum EdVista \ud83c\udf0d Kurzy \u010de\u0161tiny pro Ukrajince \ud83d\udcd8 Kurzy angli\u010dtiny \ud83d\udcf1 +420 770 624 146","twitter_image":"https:\/\/edvista.com.ua\/cz\/wp-content\/uploads\/2025\/06\/9c5117c29e5dcc92616714482ff9e9fad9ce8f5c.webp","twitter_misc":{"Odhadovan\u00e1 doba \u010dten\u00ed":"3 minuty"},"schema":{"@context":"https:\/\/schema.org","@graph":[{"@type":"WebPage","@id":"https:\/\/edvista.com.ua\/cz\/news\/","url":"https:\/\/edvista.com.ua\/cz\/news\/","name":"Zpr\u00e1vy | EdVista","isPartOf":{"@id":"https:\/\/edvista.com.ua\/cz\/#website"},"datePublished":"2025-05-19T09:08:36+00:00","dateModified":"2026-03-01T17:16:09+00:00","description":"Novinky EdVista: jak se u\u010dit \u010de\u0161tinu od nuly, online kurzy \u010de\u0161tiny, p\u0159\u00edprava na p\u0159ijet\u00ed na \u010desk\u00e9 univerzity a \u00farovn\u011b A1-A2-B2.","breadcrumb":{"@id":"https:\/\/edvista.com.ua\/cz\/news\/#breadcrumb"},"inLanguage":"cs","potentialAction":[{"@type":"ReadAction","target":["https:\/\/edvista.com.ua\/cz\/news\/"]}]},{"@type":"BreadcrumbList","@id":"https:\/\/edvista.com.ua\/cz\/news\/#breadcrumb","itemListElement":[{"@type":"ListItem","position":1,"name":"Dom\u016f","item":"https:\/\/edvista.com.ua\/cz\/"},{"@type":"ListItem","position":2,"name":"Zpr\u00e1vy"}]},{"@type":"WebSite","@id":"https:\/\/edvista.com.ua\/cz\/#website","url":"https:\/\/edvista.com.ua\/cz\/","name":"Jazykov\u00e9 centrum EdVista","description":"P\u0159\u00edprava na p\u0159ijet\u00ed na \u010desk\u00e9 vysok\u00e9 \u0161koly","publisher":{"@id":"https:\/\/edvista.com.ua\/cz\/#organization"},"potentialAction":[{"@type":"SearchAction","target":{"@type":"EntryPoint","urlTemplate":"https:\/\/edvista.com.ua\/cz\/?s={search_term_string}"},"query-input":{"@type":"PropertyValueSpecification","valueRequired":true,"valueName":"search_term_string"}}],"inLanguage":"cs"},{"@type":"Organization","@id":"https:\/\/edvista.com.ua\/cz\/#organization","name":"Edvista","url":"https:\/\/edvista.com.ua\/cz\/","logo":{"@type":"ImageObject","inLanguage":"cs","@id":"https:\/\/edvista.com.ua\/cz\/#\/schema\/logo\/image\/","url":"https:\/\/edvista.com.ua\/cz\/wp-content\/uploads\/2025\/06\/logo-1.svg","contentUrl":"https:\/\/edvista.com.ua\/cz\/wp-content\/uploads\/2025\/06\/logo-1.svg","width":1,"height":1,"caption":"Edvista"},"image":{"@id":"https:\/\/edvista.com.ua\/cz\/#\/schema\/logo\/image\/"},"sameAs":["https:\/\/www.facebook.com\/EdVista","https:\/\/www.instagram.com\/ed.vista\/","https:\/\/www.threads.com\/@ed.vista?xmt=AQF0D9nImP0G7VzgulLgJYEP794vq8QLUHsl6kIYOu187bA","https:\/\/www.youtube.com\/channel\/UCxRfTgnhdIbZOn-hI9xowNA","https:\/\/www.tiktok.com\/@ed.vista?_r=1&_t=ZS-948DrdZoQbo"]}]}},"amp_enabled":true,"_links":{"self":[{"href":"https:\/\/edvista.com.ua\/cz\/wp-json\/wp\/v2\/pages\/138","targetHints":{"allow":["GET"]}}],"collection":[{"href":"https:\/\/edvista.com.ua\/cz\/wp-json\/wp\/v2\/pages"}],"about":[{"href":"https:\/\/edvista.com.ua\/cz\/wp-json\/wp\/v2\/types\/page"}],"author":[{"embeddable":true,"href":"https:\/\/edvista.com.ua\/cz\/wp-json\/wp\/v2\/users\/1"}],"replies":[{"embeddable":true,"href":"https:\/\/edvista.com.ua\/cz\/wp-json\/wp\/v2\/comments?post=138"}],"version-history":[{"count":10,"href":"https:\/\/edvista.com.ua\/cz\/wp-json\/wp\/v2\/pages\/138\/revisions"}],"predecessor-version":[{"id":1405,"href":"https:\/\/edvista.com.ua\/cz\/wp-json\/wp\/v2\/pages\/138\/revisions\/1405"}],"wp:attachment":[{"href":"https:\/\/edvista.com.ua\/cz\/wp-json\/wp\/v2\/media?parent=138"}],"wp:term":[{"taxonomy":"post_tag","embeddable":true,"href":"https:\/\/edvista.com.ua\/cz\/wp-json\/wp\/v2\/tags?post=138"}],"curies":[{"name":"wp","href":"https:\/\/api.w.org\/{rel}","templated":true}]}}