{"id":136,"date":"2025-05-19T12:08:23","date_gmt":"2025-05-19T09:08:23","guid":{"rendered":"http:\/\/edvista.cz\/?page_id=136"},"modified":"2025-10-06T11:38:29","modified_gmt":"2025-10-06T08:38:29","slug":"about-us","status":"publish","type":"page","link":"https:\/\/edvista.com.ua\/cz\/about-us\/","title":{"rendered":"O n\u00e1s"},"content":{"rendered":"\n<p>Jazyk pro \u017eivot v nov\u00e9 zemi \u2013 v\u00edc ne\u017e jen prost\u0159edek komunikace. Jazyk pro \u017eivot v nov\u00e9 zemi je v\u00edc ne\u017e jen zp\u016fsob, jak se dorozum\u011bt. Je to cesta k nov\u00fdm p\u0159\u00edle\u017eitostem, jistot\u011b a \u00fasp\u011b\u0161n\u00e9 integraci do jazykov\u00e9ho prost\u0159ed\u00ed. Bez ohledu na v\u00fdchoz\u00ed \u00farove\u0148 m\u016f\u017ee b\u00fdt studium d\u00edky spr\u00e1vn\u00e9mu p\u0159\u00edstupu zaj\u00edmav\u00e9 a efektivn\u00ed. Jak p\u0159esn\u011b? Pod\u00edvejme se na \u00fa\u010dinn\u00e9 metody a re\u00e1ln\u00e9 p\u0159\u00edklady \u00fasp\u011b\u0161n\u00e9ho zvl\u00e1dnut\u00ed jazyka! A tak\u00e9 se dozv\u00edte v\u00edce o n\u00e1s \u2013 o t\u011bch, kte\u0159\u00ed n\u00e1m tuto cestu usnad\u0148uj\u00ed a ka\u017ed\u00fd den inspiruj\u00ed k rozvoji.<\/p>\n\n\n\n<h2 class=\"wp-block-heading\">O n\u00e1s: kdo jsme a pro\u010d si lid\u00e9 vyb\u00edraj\u00ed pr\u00e1v\u011b n\u00e1s<\/h2>\n\n\n\n<p><a href=\"\/\" target=\"_blank\" rel=\"noreferrer noopener\">EdVista<\/a> \u2013 tv\u016fj kompas ke vzd\u011bl\u00e1n\u00ed v \u010cesku. S\u00eddl\u00edme v Brn\u011b \u2013 m\u011bst\u011b s v\u00fdraznou \u010deskou kulturou a skute\u010dn\u011b studentskou atmosf\u00e9rou. N\u00e1\u0161 vzd\u011bl\u00e1vac\u00ed centrum tvo\u0159\u00ed t\u00fdm odborn\u00edk\u016f, kte\u0159\u00ed pom\u00e1haj\u00ed mlad\u00fdm lidem z Ukrajiny, Kazachst\u00e1nu a dal\u0161\u00edch zem\u00ed dostat se na \u010desk\u00e9 univerzity a pohodln\u011b se adaptovat na nov\u00e9 prost\u0159ed\u00ed.<\/p>\n\n\n\n<h2 class=\"wp-block-heading\">Na\u0161e zam\u011b\u0159en\u00ed: jazyk pro \u017eivot v ka\u017ed\u00e9m kurzu<\/h2>\n\n\n\n<ul class=\"wp-block-list\">\n<li><strong>Kurzy \u010de\u0161tiny<\/strong> \u2013 pro ka\u017edodenn\u00ed komunikaci, pr\u00e1ci, p\u0159\u00edpravu na \u017eivot v \u010cesku nebo p\u0159ijet\u00ed na vzd\u011bl\u00e1vac\u00ed instituce.<\/li>\n\n\n\n<li><strong>Kurzy angli\u010dtiny<\/strong> \u2013 pro d\u011bti i dosp\u011bl\u00e9, kte\u0159\u00ed cht\u011bj\u00ed zlep\u0161it jazykovou \u00farove\u0148 pro studium, pr\u00e1ci nebo cestov\u00e1n\u00ed.<\/li>\n\n\n\n<li><strong>P\u0159\u00edprava na p\u0159ijet\u00ed na st\u0159edn\u00ed \u0161koly a univerzity v \u010cesku<\/strong> \u2013 se zam\u011b\u0159en\u00edm na rozvoj akademick\u00fdch dovednost\u00ed a p\u0159\u00edpravu na p\u0159ij\u00edmac\u00ed zkou\u0161ky.<\/li>\n\n\n\n<li><strong>Firemn\u00ed jazykov\u00e9 kurzy<\/strong> \u2013 individu\u00e1ln\u00ed programy pro firmy, kter\u00e9 investuj\u00ed do jazykov\u00e9ho rozvoje sv\u00fdch t\u00fdm\u016f.<\/li>\n<\/ul>\n\n\n\n<h2 class=\"wp-block-heading\">Z\u00e1kladn\u00ed fakta o n\u00e1s: mise, odbornost a p\u0159\u00edstup<\/h2>\n\n\n\n<p>Na\u0161\u00ed mis\u00ed je zp\u0159\u00edstupnit kvalitn\u00ed evropsk\u00e9 vzd\u011bl\u00e1n\u00ed ka\u017ed\u00e9mu, kdo tou\u017e\u00ed po u\u010den\u00ed, rozvoji a realizaci sv\u00e9ho potenci\u00e1lu v mezin\u00e1rodn\u00edm akademick\u00e9m prost\u0159ed\u00ed. D\u016fv\u011b\u0159uj\u00ed n\u00e1m, proto\u017ee:<\/p>\n\n\n\n<ul class=\"wp-block-list\">\n<li>uplat\u0148ujeme <strong>individu\u00e1ln\u00ed p\u0159\u00edstup<\/strong> \u2013 \u017e\u00e1dn\u00e9 \u0161ablony, jen \u0159e\u0161en\u00ed, kter\u00e1 funguj\u00ed pr\u00e1v\u011b pro v\u00e1s;<\/li>\n\n\n\n<li>poskytujeme <strong>komplexn\u00ed podporu<\/strong> \u2013 od v\u00fduky p\u0159es vy\u0159\u00edzen\u00ed dokument\u016f, v\u00edzovou podporu a\u017e po adaptaci;<\/li>\n\n\n\n<li>m\u00e1me <strong>hlubok\u00e9 porozum\u011bn\u00ed syst\u00e9mu<\/strong> \u2013 s \u010desk\u00fdm \u0161kolstv\u00edm pracujeme zevnit\u0159, ne zven\u010d\u00ed.<\/li>\n<\/ul>\n\n\n\n<p>A je\u0161t\u011b n\u011bco: nab\u00edz\u00edme prezen\u010dn\u00ed i online kurzy \u010de\u0161tiny, a v na\u0161em t\u00fdmu jsou lekto\u0159i, rodil\u00ed mluv\u010d\u00ed, mento\u0159i a konzultanti, kte\u0159\u00ed v\u00e1s prov\u00e1zej\u00ed od prvn\u00ed konzultace a\u017e po prvn\u00ed semestr.<\/p>\n\n\n\n<h2 class=\"wp-block-heading\">Kdo stoj\u00ed za EdVista?<\/h2>\n\n\n\n<p>Dr. Oksana Stupak, PhD, DrSc \u2013 profesorka pedagogiky, zakladatelka EdVista, vyu\u010duj\u00edc\u00ed na Masarykov\u011b univerzit\u011b, v\u011bdkyn\u011b, mentorka a ambasadorka ukrajinsk\u00e9 ml\u00e1de\u017ee v Evrop\u011b.<br>Spole\u010dn\u011b s t\u00fdmem nejen u\u010d\u00edme \u2013 pom\u00e1h\u00e1me c\u00edtit se sebev\u011bdom\u011b v nov\u00e9 zemi a otev\u00edrat nov\u00e9 obzory d\u00edky vzd\u011bl\u00e1n\u00ed.<\/p>\n\n\n\n<h2 class=\"wp-block-heading\">Studium jazyka pro \u017eivot v nov\u00e9 zemi \u2013 krok k jist\u00e9 budoucnosti<\/h2>\n\n\n\n<p>Studium jazyk\u016f otev\u00edr\u00e1 nov\u00e9 obzory \u2013 pr\u00e1v\u011b proto nab\u00edz\u00edme kurzy \u010de\u0161tiny pro Ukrajince i kurzy angli\u010dtiny. A\u0165 u\u017e jde o \u010de\u0161tinu od za\u010d\u00e1tku pro p\u0159\u00edpravu na p\u0159ijet\u00ed na univerzity, nebo angli\u010dtinu pro sebejistou komunikaci, vzd\u011bl\u00e1vac\u00ed centrum EdVista vytv\u00e1\u0159\u00ed podm\u00ednky pro v\u00e1\u0161 r\u016fst. V\u00fdb\u011brem nejlep\u0161\u00edch kurz\u016f angli\u010dtiny \u010di kurzu \u010de\u0161tiny vol\u00edte kvalitu, podporu a skute\u010dn\u00fd v\u00fdsledek.<\/p>\n\n\n\n<p><strong>M\u00e1te ot\u00e1zky nebo se chcete o EdVista dozv\u011bd\u011bt v\u00edc?<\/strong><br>Zavolejte n\u00e1m: <a href=\"tel:+420770624146\">+420 770 624 146<\/a>.<br>Spojit se s n\u00e1mi m\u016f\u017eete tak\u00e9 p\u0159es v\u00e1mi preferovan\u00e9 messengery: <a href=\"https:\/\/t.me\/+420770624146\" target=\"_blank\" rel=\"nofollow\">Telegram\u00a0<\/a>a\u00a0<a href=\"https:\/\/wa.me\/+420770624146\" target=\"_blank\" rel=\"nofollow\">WhatsApp<\/a>.<br>V\u00edce o n\u00e1s najdete na na\u0161ich soci\u00e1ln\u00edch s\u00edt\u00edch \u2013 <a href=\"https:\/\/www.instagram.com\/ed.vista\" target=\"_blank\" rel=\"noreferrer noopener nofollow\">Instagram<\/a>,\u00a0<a href=\"https:\/\/www.facebook.com\/share\/19rHBVQ5ad\/?mibextid=wwXIfr\" target=\"_blank\" rel=\"noreferrer noopener nofollow\">Facebook<\/a>\u00a0a\u00a0<a href=\"https:\/\/www.tiktok.com\/@ed.vista?_t=ZM-8wyeeoynBOH&amp;_r=1\" target=\"_blank\" rel=\"noreferrer noopener nofollow\">TikTok<\/a>, kde pravideln\u011b sd\u00edl\u00edme zaj\u00edmav\u00e9 p\u0159\u00edb\u011bhy, u\u017eite\u010dn\u00e9 tipy a aktu\u00e1ln\u00ed informace.<\/p>\n\n\n\n<p><\/p>\n","protected":false},"excerpt":{"rendered":"<p>Jazyk pro \u017eivot v nov\u00e9 zemi \u2013 v\u00edc ne\u017e jen prost\u0159edek komunikace. Jazyk pro \u017eivot v nov\u00e9 zemi je v\u00edc ne\u017e jen zp\u016fsob, jak se dorozum\u011bt. Je to cesta k nov\u00fdm p\u0159\u00edle\u017eitostem, jistot\u011b a \u00fasp\u011b\u0161n\u00e9 integraci do jazykov\u00e9ho prost\u0159ed\u00ed. Bez ohledu na v\u00fdchoz\u00ed \u00farove\u0148 m\u016f\u017ee b\u00fdt studium d\u00edky spr\u00e1vn\u00e9mu p\u0159\u00edstupu zaj\u00edmav\u00e9 a efektivn\u00ed. Jak p\u0159esn\u011b? [&hellip;]<\/p>\n","protected":false},"author":1,"featured_media":0,"parent":0,"menu_order":0,"comment_status":"closed","ping_status":"closed","template":"page-about.php","meta":{"_acf_changed":false,"footnotes":""},"tags":[12,11,7,6,10,5],"class_list":["post-136","page","type-page","status-publish","hentry","tag-jazykove-kurzy-pro-ukrajince","tag-jazykove-kurzy-v-brne","tag-naucit-se-cesky-snadno","tag-naucit-se-jazyk-snadno","tag-uceni-anglictiny","tag-uceni-se-jazyku"],"acf":[],"yoast_head":"<!-- This site is optimized with the Yoast SEO plugin v27.3 - https:\/\/yoast.com\/product\/yoast-seo-wordpress\/ -->\n<title>O n\u00e1s | EdVista<\/title>\n<meta name=\"description\" content=\"O n\u00e1s \ud83c\udf10 Vzd\u011bl\u00e1vac\u00ed centrum EdVista \ud83c\udf0d Kurzy \u010de\u0161tiny pro Ukrajince \ud83d\udcd8 Kurzy angli\u010dtiny \ud83d\udcf1 +420 770 624 146\" \/>\n<meta name=\"robots\" content=\"index, follow, max-snippet:-1, max-image-preview:large, max-video-preview:-1\" \/>\n<link rel=\"canonical\" href=\"https:\/\/edvista.com.ua\/cz\/about-us\/\" \/>\n<meta property=\"og:locale\" content=\"cs_CZ\" \/>\n<meta property=\"og:type\" content=\"article\" \/>\n<meta property=\"og:title\" content=\"O n\u00e1s | EdVista\" \/>\n<meta property=\"og:description\" content=\"O n\u00e1s \ud83c\udf10 Vzd\u011bl\u00e1vac\u00ed centrum EdVista \ud83c\udf0d Kurzy \u010de\u0161tiny pro Ukrajince \ud83d\udcd8 Kurzy angli\u010dtiny \ud83d\udcf1 +420 770 624 146\" \/>\n<meta property=\"og:url\" content=\"https:\/\/edvista.com.ua\/cz\/about-us\/\" \/>\n<meta property=\"og:site_name\" content=\"Jazykov\u00e9 centrum - Edvista\" \/>\n<meta property=\"article:publisher\" content=\"https:\/\/www.facebook.com\/EdVista\" \/>\n<meta property=\"article:modified_time\" content=\"2025-10-06T08:38:29+00:00\" \/>\n<meta property=\"og:image\" content=\"https:\/\/edvista.com.ua\/cz\/wp-content\/uploads\/2025\/06\/Frame-114.webp\" \/>\n\t<meta property=\"og:image:width\" content=\"305\" \/>\n\t<meta property=\"og:image:height\" content=\"330\" \/>\n\t<meta property=\"og:image:type\" content=\"image\/webp\" \/>\n<meta name=\"twitter:card\" content=\"summary_large_image\" \/>\n<meta name=\"twitter:title\" content=\"O n\u00e1s | EdVista\" \/>\n<meta name=\"twitter:description\" content=\"O n\u00e1s \ud83c\udf10 Vzd\u011bl\u00e1vac\u00ed centrum EdVista \ud83c\udf0d Kurzy \u010de\u0161tiny pro Ukrajince \ud83d\udcd8 Kurzy angli\u010dtiny \ud83d\udcf1 +420 770 624 146\" \/>\n<meta name=\"twitter:image\" content=\"https:\/\/edvista.com.ua\/cz\/wp-content\/uploads\/2025\/06\/Frame-114.webp\" \/>\n<meta name=\"twitter:label1\" content=\"Odhadovan\u00e1 doba \u010dten\u00ed\" \/>\n\t<meta name=\"twitter:data1\" content=\"3 minuty\" \/>\n<!-- \/ Yoast SEO plugin. -->","yoast_head_json":{"title":"O n\u00e1s | EdVista","description":"O n\u00e1s \ud83c\udf10 Vzd\u011bl\u00e1vac\u00ed centrum EdVista \ud83c\udf0d Kurzy \u010de\u0161tiny pro Ukrajince \ud83d\udcd8 Kurzy angli\u010dtiny \ud83d\udcf1 +420 770 624 146","robots":{"index":"index","follow":"follow","max-snippet":"max-snippet:-1","max-image-preview":"max-image-preview:large","max-video-preview":"max-video-preview:-1"},"canonical":"https:\/\/edvista.com.ua\/cz\/about-us\/","og_locale":"cs_CZ","og_type":"article","og_title":"O n\u00e1s | EdVista","og_description":"O n\u00e1s \ud83c\udf10 Vzd\u011bl\u00e1vac\u00ed centrum EdVista \ud83c\udf0d Kurzy \u010de\u0161tiny pro Ukrajince \ud83d\udcd8 Kurzy angli\u010dtiny \ud83d\udcf1 +420 770 624 146","og_url":"https:\/\/edvista.com.ua\/cz\/about-us\/","og_site_name":"Jazykov\u00e9 centrum - Edvista","article_publisher":"https:\/\/www.facebook.com\/EdVista","article_modified_time":"2025-10-06T08:38:29+00:00","og_image":[{"width":305,"height":330,"url":"https:\/\/edvista.com.ua\/cz\/wp-content\/uploads\/2025\/06\/Frame-114.webp","type":"image\/webp"}],"twitter_card":"summary_large_image","twitter_title":"O n\u00e1s | EdVista","twitter_description":"O n\u00e1s \ud83c\udf10 Vzd\u011bl\u00e1vac\u00ed centrum EdVista \ud83c\udf0d Kurzy \u010de\u0161tiny pro Ukrajince \ud83d\udcd8 Kurzy angli\u010dtiny \ud83d\udcf1 +420 770 624 146","twitter_image":"https:\/\/edvista.com.ua\/cz\/wp-content\/uploads\/2025\/06\/Frame-114.webp","twitter_misc":{"Odhadovan\u00e1 doba \u010dten\u00ed":"3 minuty"},"schema":{"@context":"https:\/\/schema.org","@graph":[{"@type":"WebPage","@id":"https:\/\/edvista.com.ua\/cz\/about-us\/","url":"https:\/\/edvista.com.ua\/cz\/about-us\/","name":"O n\u00e1s | EdVista","isPartOf":{"@id":"https:\/\/edvista.com.ua\/cz\/#website"},"datePublished":"2025-05-19T09:08:23+00:00","dateModified":"2025-10-06T08:38:29+00:00","description":"O n\u00e1s \ud83c\udf10 Vzd\u011bl\u00e1vac\u00ed centrum EdVista \ud83c\udf0d Kurzy \u010de\u0161tiny pro Ukrajince \ud83d\udcd8 Kurzy angli\u010dtiny \ud83d\udcf1 +420 770 624 146","breadcrumb":{"@id":"https:\/\/edvista.com.ua\/cz\/about-us\/#breadcrumb"},"inLanguage":"cs","potentialAction":[{"@type":"ReadAction","target":["https:\/\/edvista.com.ua\/cz\/about-us\/"]}]},{"@type":"BreadcrumbList","@id":"https:\/\/edvista.com.ua\/cz\/about-us\/#breadcrumb","itemListElement":[{"@type":"ListItem","position":1,"name":"Dom\u016f","item":"https:\/\/edvista.com.ua\/cz\/"},{"@type":"ListItem","position":2,"name":"O n\u00e1s"}]},{"@type":"WebSite","@id":"https:\/\/edvista.com.ua\/cz\/#website","url":"https:\/\/edvista.com.ua\/cz\/","name":"Jazykov\u00e9 centrum EdVista","description":"P\u0159\u00edprava na p\u0159ijet\u00ed na \u010desk\u00e9 vysok\u00e9 \u0161koly","publisher":{"@id":"https:\/\/edvista.com.ua\/cz\/#organization"},"potentialAction":[{"@type":"SearchAction","target":{"@type":"EntryPoint","urlTemplate":"https:\/\/edvista.com.ua\/cz\/?s={search_term_string}"},"query-input":{"@type":"PropertyValueSpecification","valueRequired":true,"valueName":"search_term_string"}}],"inLanguage":"cs"},{"@type":"Organization","@id":"https:\/\/edvista.com.ua\/cz\/#organization","name":"Edvista","url":"https:\/\/edvista.com.ua\/cz\/","logo":{"@type":"ImageObject","inLanguage":"cs","@id":"https:\/\/edvista.com.ua\/cz\/#\/schema\/logo\/image\/","url":"https:\/\/edvista.com.ua\/cz\/wp-content\/uploads\/2025\/06\/logo-1.svg","contentUrl":"https:\/\/edvista.com.ua\/cz\/wp-content\/uploads\/2025\/06\/logo-1.svg","width":1,"height":1,"caption":"Edvista"},"image":{"@id":"https:\/\/edvista.com.ua\/cz\/#\/schema\/logo\/image\/"},"sameAs":["https:\/\/www.facebook.com\/EdVista","https:\/\/www.instagram.com\/ed.vista\/","https:\/\/www.threads.com\/@ed.vista?xmt=AQF0D9nImP0G7VzgulLgJYEP794vq8QLUHsl6kIYOu187bA","https:\/\/www.youtube.com\/channel\/UCxRfTgnhdIbZOn-hI9xowNA","https:\/\/www.tiktok.com\/@ed.vista?_r=1&_t=ZS-948DrdZoQbo"]}]}},"amp_enabled":true,"_links":{"self":[{"href":"https:\/\/edvista.com.ua\/cz\/wp-json\/wp\/v2\/pages\/136","targetHints":{"allow":["GET"]}}],"collection":[{"href":"https:\/\/edvista.com.ua\/cz\/wp-json\/wp\/v2\/pages"}],"about":[{"href":"https:\/\/edvista.com.ua\/cz\/wp-json\/wp\/v2\/types\/page"}],"author":[{"embeddable":true,"href":"https:\/\/edvista.com.ua\/cz\/wp-json\/wp\/v2\/users\/1"}],"replies":[{"embeddable":true,"href":"https:\/\/edvista.com.ua\/cz\/wp-json\/wp\/v2\/comments?post=136"}],"version-history":[{"count":9,"href":"https:\/\/edvista.com.ua\/cz\/wp-json\/wp\/v2\/pages\/136\/revisions"}],"predecessor-version":[{"id":1176,"href":"https:\/\/edvista.com.ua\/cz\/wp-json\/wp\/v2\/pages\/136\/revisions\/1176"}],"wp:attachment":[{"href":"https:\/\/edvista.com.ua\/cz\/wp-json\/wp\/v2\/media?parent=136"}],"wp:term":[{"taxonomy":"post_tag","embeddable":true,"href":"https:\/\/edvista.com.ua\/cz\/wp-json\/wp\/v2\/tags?post=136"}],"curies":[{"name":"wp","href":"https:\/\/api.w.org\/{rel}","templated":true}]}}