{"id":134,"date":"2025-05-19T12:08:09","date_gmt":"2025-05-19T09:08:09","guid":{"rendered":"http:\/\/edvista.cz\/?page_id=134"},"modified":"2025-12-29T13:53:10","modified_gmt":"2025-12-29T11:53:10","slug":"reviews","status":"publish","type":"page","link":"https:\/\/edvista.com.ua\/cz\/reviews\/","title":{"rendered":"Recenze"},"content":{"rendered":"\n<h2 class=\"wp-block-heading\">Co skute\u010dn\u011b vypov\u00edd\u00e1 o kvalit\u011b v\u00fduky?<\/h2>\n\n\n\n<p>Nejen programy, certifik\u00e1ty nebo flexibiln\u00ed rozvrh. Nejlep\u0161\u00ed odpov\u011bd\u00ed jsou zku\u0161enosti t\u011bch, kte\u0159\u00ed si touto cestou u\u017e pro\u0161li. Pr\u00e1v\u011b proto zde sd\u00edl\u00edme zp\u011btnou vazbu student\u016f \u2013 lid\u00ed, kte\u0159\u00ed si vybrali <a href=\"\/\" target=\"_blank\" rel=\"noreferrer noopener\">EdVistu<\/a> pro studium \u010de\u0161tiny nebo angli\u010dtiny a nyn\u00ed se sebev\u011bdom\u011b d\u011bl\u00ed o sv\u00e9 dojmy a v\u00fdsledky.<\/p>\n\n\n\n<h2 class=\"wp-block-heading\"><strong>Zku\u0161enost ka\u017ed\u00e9ho studenta m\u00e1 hodnotu<\/strong><\/h2>\n\n\n\n<p>N\u011bkdo za\u010d\u00ednal s \u010de\u0161tinou \u00fapln\u011b od nuly a dnes se u\u017e p\u0159ipravuje na p\u0159ijet\u00ed na \u010deskou univerzitu. Jin\u00fd hledal intenzivn\u00ed kurz \u010de\u0161tiny, aby se mohl p\u0159ipravit na \u017eivot v \u010cesku. Dal\u0161\u00ed cht\u011bl studovat angli\u010dtinu, aby si roz\u0161\u00ed\u0159il profesn\u00ed mo\u017enosti. Zde najdete up\u0159\u00edmn\u00e9 dojmy \u2013 od kurzu \u010de\u0161tiny od nuly a\u017e po \u00farove\u0148 B2, p\u0159es angli\u010dtinu pro cestov\u00e1n\u00ed, p\u0159\u00edpravu na p\u0159ijet\u00ed na st\u0159edn\u00ed \u0161kolu, a\u017e po \u010de\u0161tinu pot\u0159ebnou pro z\u00edsk\u00e1n\u00ed trval\u00e9ho pobytu.<\/p>\n\n\n\n<p>V\u011b\u0159\u00edme, \u017ee slova student\u016f nejsou jen hodnocen\u00edm. Jsou potvrzen\u00edm, \u017ee jazykov\u00e9 kurzy pro Ukrajince \u2013 a\u0165 u\u017e \u010de\u0161tina, nebo angli\u010dtina \u2013 mohou b\u00fdt nejen efektivn\u00ed, ale tak\u00e9 smyslupln\u00e9, estetick\u00e9 a s p\u0159\u00edjemnou atmosf\u00e9rou. V\u011b\u0159\u00edme, \u017ee jazyk se nejl\u00e9pe u\u010d\u00ed tam, kde panuje d\u016fv\u011bra, inspirace a pocit, \u017ee jste na spr\u00e1vn\u00e9m m\u00edst\u011b. Proto n\u00e1m z\u00e1le\u017e\u00ed nejen na v\u00fdsledku, ale i na tom, jakou cestou k n\u011bmu p\u0159ijdete.<\/p>\n\n\n\n<p>Takovou komunitou chceme b\u00fdt \u2013 spolehliv\u00fdm vzd\u011bl\u00e1vac\u00edm partnerem, kter\u00fd v\u00e1s na va\u0161\u00ed jazykov\u00e9 cest\u011b doprov\u00e1z\u00ed.<\/p>\n\n\n\n<h2 class=\"wp-block-heading\"><strong>Zve\u0159ej\u0148ujeme pouze poctiv\u00e9 recenze student\u016f<\/strong><\/h2>\n\n\n\n<p>D\u016fle\u017eit\u00e9: EdVista si v\u00e1\u017e\u00ed sebe i ka\u017ed\u00e9ho, kdo si n\u00e1\u0161 vzd\u011bl\u00e1vac\u00ed centrum vybere, a proto zve\u0159ej\u0148ujeme pouze pravdiv\u00e9 a up\u0159\u00edmn\u00e9 recenze. Sd\u00edl\u00edme skute\u010dn\u00e9 p\u0159\u00edb\u011bhy, zku\u0161enosti a dojmy na\u0161ich student\u016f a velmi si v\u00e1\u017e\u00edme ka\u017ed\u00e9 zp\u011btn\u00e9 vazby.<\/p>\n\n\n\n<p>Pokud pr\u00e1v\u011b uva\u017eujete o tom, \u017ee se za\u010dnete u\u010dit \u010desky, hled\u00e1te nejlep\u0161\u00ed kurz angli\u010dtiny, nebo p\u0159em\u00fd\u0161l\u00edte, kde za\u010d\u00edt \u2013 recenze na\u0161ich student\u016f v\u00e1m mohou poslou\u017eit jako v\u00fdchoz\u00ed bod.<\/p>\n\n\n\n<p>\u010ct\u011bte, inspirujte se a p\u0159ipojte se k t\u011bm, kte\u0159\u00ed u\u017e ud\u011blali prvn\u00ed krok.<br>Budeme v\u00e1m nabl\u00edzku \u2013 s kvalitn\u00edmi materi\u00e1ly, pe\u010dlivou podporou a odpov\u011bdnost\u00ed za v\u00fdsledek.<\/p>\n\n\n\n<p>A pokud m\u00e1te ot\u00e1zky nebo se s n\u00e1mi chcete spojit p\u0159\u00edmo, volejte:<br><strong><strong>Zavolejte:<\/strong><\/strong> <a href=\"tel:+420770624146\">+420 770 624 146<\/a>.<br><strong>Pi\u0161te p\u0159es messengery:<\/strong> <a href=\"https:\/\/t.me\/+420770624146\" target=\"_blank\" rel=\"nofollow\">Telegram\u00a0<\/a>a <a href=\"https:\/\/wa.me\/+420770624146\" target=\"_blank\" rel=\"nofollow\">WhatsApp<\/a>.<br><strong>Sledujte n\u00e1s na soci\u00e1ln\u00edch s\u00edt\u00edch:<\/strong>\u00a0<a href=\"https:\/\/www.instagram.com\/ed.vista\" target=\"_blank\" rel=\"noreferrer noopener\">Instagram<\/a>,\u00a0<a href=\"https:\/\/www.facebook.com\/share\/19rHBVQ5ad\/?mibextid=wwXIfr\" target=\"_blank\" rel=\"noreferrer noopener nofollow\">Facebook<\/a>\u00a0a <a href=\"https:\/\/www.tiktok.com\/@ed.vista?_t=ZM-8wyeeoynBOH&amp;_r=1\" target=\"_blank\" rel=\"noreferrer noopener nofollow\">TikTok<\/a>.<br>Sledujte na\u0161e aktuality \u2013 pravideln\u011b sd\u00edl\u00edme zaj\u00edmav\u00e9 p\u0159\u00edb\u011bhy, u\u017eite\u010dn\u00e9 tipy a aktu\u00e1ln\u00ed informace!<\/p>\n\n\n\n<p><\/p>\n","protected":false},"excerpt":{"rendered":"<p>Co skute\u010dn\u011b vypov\u00edd\u00e1 o kvalit\u011b v\u00fduky? Nejen programy, certifik\u00e1ty nebo flexibiln\u00ed rozvrh. Nejlep\u0161\u00ed odpov\u011bd\u00ed jsou zku\u0161enosti t\u011bch, kte\u0159\u00ed si touto cestou u\u017e pro\u0161li. Pr\u00e1v\u011b proto zde sd\u00edl\u00edme zp\u011btnou vazbu student\u016f \u2013 lid\u00ed, kte\u0159\u00ed si vybrali EdVistu pro studium \u010de\u0161tiny nebo angli\u010dtiny a nyn\u00ed se sebev\u011bdom\u011b d\u011bl\u00ed o sv\u00e9 dojmy a v\u00fdsledky. Zku\u0161enost ka\u017ed\u00e9ho studenta m\u00e1 [&hellip;]<\/p>\n","protected":false},"author":1,"featured_media":0,"parent":0,"menu_order":0,"comment_status":"closed","ping_status":"closed","template":"page-reviews.php","meta":{"_acf_changed":false,"footnotes":""},"tags":[12,11,7,6,10,5],"class_list":["post-134","page","type-page","status-publish","hentry","tag-jazykove-kurzy-pro-ukrajince","tag-jazykove-kurzy-v-brne","tag-naucit-se-cesky-snadno","tag-naucit-se-jazyk-snadno","tag-uceni-anglictiny","tag-uceni-se-jazyku"],"acf":[],"yoast_head":"<!-- This site is optimized with the Yoast SEO plugin v27.3 - https:\/\/yoast.com\/product\/yoast-seo-wordpress\/ -->\n<title>Recenze | EdVista<\/title>\n<meta name=\"description\" content=\"Recenze \ud83c\udf10 Vzd\u011bl\u00e1vac\u00ed centrum EdVista \ud83c\udf0d Kurzy \u010de\u0161tiny \ud83d\udcd8 Kurzy angli\u010dtiny \ud83d\udcda Nejlep\u0161\u00ed jazykov\u00e9 kurzy \ud83d\udcf1 +420 770 624 146\" \/>\n<meta name=\"robots\" content=\"index, follow, max-snippet:-1, max-image-preview:large, max-video-preview:-1\" \/>\n<link rel=\"canonical\" href=\"https:\/\/edvista.com.ua\/cz\/reviews\/\" \/>\n<meta property=\"og:locale\" content=\"cs_CZ\" \/>\n<meta property=\"og:type\" content=\"article\" \/>\n<meta property=\"og:title\" content=\"Recenze | EdVista\" \/>\n<meta property=\"og:description\" content=\"Recenze \ud83c\udf10 Vzd\u011bl\u00e1vac\u00ed centrum EdVista \ud83c\udf0d Kurzy \u010de\u0161tiny \ud83d\udcd8 Kurzy angli\u010dtiny \ud83d\udcda Nejlep\u0161\u00ed jazykov\u00e9 kurzy \ud83d\udcf1 +420 770 624 146\" \/>\n<meta property=\"og:url\" content=\"https:\/\/edvista.com.ua\/cz\/reviews\/\" \/>\n<meta property=\"og:site_name\" content=\"Jazykov\u00e9 centrum - Edvista\" \/>\n<meta property=\"article:publisher\" content=\"https:\/\/www.facebook.com\/EdVista\" \/>\n<meta property=\"article:modified_time\" content=\"2025-12-29T11:53:10+00:00\" \/>\n<meta property=\"og:image\" content=\"https:\/\/edvista.com.ua\/cz\/wp-content\/uploads\/2025\/06\/Frame-227.webp\" \/>\n\t<meta property=\"og:image:width\" content=\"875\" \/>\n\t<meta property=\"og:image:height\" content=\"626\" \/>\n\t<meta property=\"og:image:type\" content=\"image\/webp\" \/>\n<meta name=\"twitter:card\" content=\"summary_large_image\" \/>\n<meta name=\"twitter:title\" content=\"Recenze | EdVista\" \/>\n<meta name=\"twitter:description\" content=\"Recenze \ud83c\udf10 Vzd\u011bl\u00e1vac\u00ed centrum EdVista \ud83c\udf0d Kurzy \u010de\u0161tiny \ud83d\udcd8 Kurzy angli\u010dtiny \ud83d\udcf1 +420 770 624 146\" \/>\n<meta name=\"twitter:image\" content=\"https:\/\/edvista.com.ua\/cz\/wp-content\/uploads\/2025\/06\/Frame-227.webp\" \/>\n<meta name=\"twitter:label1\" content=\"Odhadovan\u00e1 doba \u010dten\u00ed\" \/>\n\t<meta name=\"twitter:data1\" content=\"2 minuty\" \/>\n<!-- \/ Yoast SEO plugin. -->","yoast_head_json":{"title":"Recenze | EdVista","description":"Recenze \ud83c\udf10 Vzd\u011bl\u00e1vac\u00ed centrum EdVista \ud83c\udf0d Kurzy \u010de\u0161tiny \ud83d\udcd8 Kurzy angli\u010dtiny \ud83d\udcda Nejlep\u0161\u00ed jazykov\u00e9 kurzy \ud83d\udcf1 +420 770 624 146","robots":{"index":"index","follow":"follow","max-snippet":"max-snippet:-1","max-image-preview":"max-image-preview:large","max-video-preview":"max-video-preview:-1"},"canonical":"https:\/\/edvista.com.ua\/cz\/reviews\/","og_locale":"cs_CZ","og_type":"article","og_title":"Recenze | EdVista","og_description":"Recenze \ud83c\udf10 Vzd\u011bl\u00e1vac\u00ed centrum EdVista \ud83c\udf0d Kurzy \u010de\u0161tiny \ud83d\udcd8 Kurzy angli\u010dtiny \ud83d\udcda Nejlep\u0161\u00ed jazykov\u00e9 kurzy \ud83d\udcf1 +420 770 624 146","og_url":"https:\/\/edvista.com.ua\/cz\/reviews\/","og_site_name":"Jazykov\u00e9 centrum - Edvista","article_publisher":"https:\/\/www.facebook.com\/EdVista","article_modified_time":"2025-12-29T11:53:10+00:00","og_image":[{"width":875,"height":626,"url":"https:\/\/edvista.com.ua\/cz\/wp-content\/uploads\/2025\/06\/Frame-227.webp","type":"image\/webp"}],"twitter_card":"summary_large_image","twitter_title":"Recenze | EdVista","twitter_description":"Recenze \ud83c\udf10 Vzd\u011bl\u00e1vac\u00ed centrum EdVista \ud83c\udf0d Kurzy \u010de\u0161tiny \ud83d\udcd8 Kurzy angli\u010dtiny \ud83d\udcf1 +420 770 624 146","twitter_image":"https:\/\/edvista.com.ua\/cz\/wp-content\/uploads\/2025\/06\/Frame-227.webp","twitter_misc":{"Odhadovan\u00e1 doba \u010dten\u00ed":"2 minuty"},"schema":{"@context":"https:\/\/schema.org","@graph":[{"@type":"WebPage","@id":"https:\/\/edvista.com.ua\/cz\/reviews\/","url":"https:\/\/edvista.com.ua\/cz\/reviews\/","name":"Recenze | EdVista","isPartOf":{"@id":"https:\/\/edvista.com.ua\/cz\/#website"},"datePublished":"2025-05-19T09:08:09+00:00","dateModified":"2025-12-29T11:53:10+00:00","description":"Recenze \ud83c\udf10 Vzd\u011bl\u00e1vac\u00ed centrum EdVista \ud83c\udf0d Kurzy \u010de\u0161tiny \ud83d\udcd8 Kurzy angli\u010dtiny \ud83d\udcda Nejlep\u0161\u00ed jazykov\u00e9 kurzy \ud83d\udcf1 +420 770 624 146","breadcrumb":{"@id":"https:\/\/edvista.com.ua\/cz\/reviews\/#breadcrumb"},"inLanguage":"cs","potentialAction":[{"@type":"ReadAction","target":["https:\/\/edvista.com.ua\/cz\/reviews\/"]}]},{"@type":"BreadcrumbList","@id":"https:\/\/edvista.com.ua\/cz\/reviews\/#breadcrumb","itemListElement":[{"@type":"ListItem","position":1,"name":"Dom\u016f","item":"https:\/\/edvista.com.ua\/cz\/"},{"@type":"ListItem","position":2,"name":"Recenze"}]},{"@type":"WebSite","@id":"https:\/\/edvista.com.ua\/cz\/#website","url":"https:\/\/edvista.com.ua\/cz\/","name":"Jazykov\u00e9 centrum EdVista","description":"P\u0159\u00edprava na p\u0159ijet\u00ed na \u010desk\u00e9 vysok\u00e9 \u0161koly","publisher":{"@id":"https:\/\/edvista.com.ua\/cz\/#organization"},"potentialAction":[{"@type":"SearchAction","target":{"@type":"EntryPoint","urlTemplate":"https:\/\/edvista.com.ua\/cz\/?s={search_term_string}"},"query-input":{"@type":"PropertyValueSpecification","valueRequired":true,"valueName":"search_term_string"}}],"inLanguage":"cs"},{"@type":"Organization","@id":"https:\/\/edvista.com.ua\/cz\/#organization","name":"Edvista","url":"https:\/\/edvista.com.ua\/cz\/","logo":{"@type":"ImageObject","inLanguage":"cs","@id":"https:\/\/edvista.com.ua\/cz\/#\/schema\/logo\/image\/","url":"https:\/\/edvista.com.ua\/cz\/wp-content\/uploads\/2025\/06\/logo-1.svg","contentUrl":"https:\/\/edvista.com.ua\/cz\/wp-content\/uploads\/2025\/06\/logo-1.svg","width":1,"height":1,"caption":"Edvista"},"image":{"@id":"https:\/\/edvista.com.ua\/cz\/#\/schema\/logo\/image\/"},"sameAs":["https:\/\/www.facebook.com\/EdVista","https:\/\/www.instagram.com\/ed.vista\/","https:\/\/www.threads.com\/@ed.vista?xmt=AQF0D9nImP0G7VzgulLgJYEP794vq8QLUHsl6kIYOu187bA","https:\/\/www.youtube.com\/channel\/UCxRfTgnhdIbZOn-hI9xowNA","https:\/\/www.tiktok.com\/@ed.vista?_r=1&_t=ZS-948DrdZoQbo"]}]}},"amp_enabled":true,"_links":{"self":[{"href":"https:\/\/edvista.com.ua\/cz\/wp-json\/wp\/v2\/pages\/134","targetHints":{"allow":["GET"]}}],"collection":[{"href":"https:\/\/edvista.com.ua\/cz\/wp-json\/wp\/v2\/pages"}],"about":[{"href":"https:\/\/edvista.com.ua\/cz\/wp-json\/wp\/v2\/types\/page"}],"author":[{"embeddable":true,"href":"https:\/\/edvista.com.ua\/cz\/wp-json\/wp\/v2\/users\/1"}],"replies":[{"embeddable":true,"href":"https:\/\/edvista.com.ua\/cz\/wp-json\/wp\/v2\/comments?post=134"}],"version-history":[{"count":16,"href":"https:\/\/edvista.com.ua\/cz\/wp-json\/wp\/v2\/pages\/134\/revisions"}],"predecessor-version":[{"id":1343,"href":"https:\/\/edvista.com.ua\/cz\/wp-json\/wp\/v2\/pages\/134\/revisions\/1343"}],"wp:attachment":[{"href":"https:\/\/edvista.com.ua\/cz\/wp-json\/wp\/v2\/media?parent=134"}],"wp:term":[{"taxonomy":"post_tag","embeddable":true,"href":"https:\/\/edvista.com.ua\/cz\/wp-json\/wp\/v2\/tags?post=134"}],"curies":[{"name":"wp","href":"https:\/\/api.w.org\/{rel}","templated":true}]}}