{"id":120,"date":"2025-05-19T12:06:30","date_gmt":"2025-05-19T09:06:30","guid":{"rendered":"http:\/\/edvista.cz\/?page_id=120"},"modified":"2026-04-05T17:07:39","modified_gmt":"2026-04-05T14:07:39","slug":"preparation-for-entry-to-secondary-school","status":"publish","type":"page","link":"https:\/\/edvista.com.ua\/cz\/preparation-for-entry-to-secondary-school\/","title":{"rendered":"P\u0159\u00edprava na vstup na st\u0159edn\u00ed \u0161kolu"},"content":{"rendered":"\n<p>P\u0159\u00edprava na vstup do 9. t\u0159\u00eddy \u010desk\u00e9 st\u0159edn\u00ed \u0161koly nemus\u00ed b\u00fdt slo\u017eit\u00e1 ani nudn\u00e1! Pro jist\u00fd start v \u010desk\u00e9m vzd\u011bl\u00e1vac\u00edm syst\u00e9mu nab\u00edz\u00ed vzd\u011bl\u00e1vac\u00ed centrum <a href=\"\/\" target=\"_blank\" rel=\"noreferrer noopener\">EdVista<\/a> v Brn\u011b specializovan\u00e9 kurzy \u010desk\u00e9ho jazyka ur\u010den\u00e9 pro cizince \u017eij\u00edc\u00ed v \u010cesk\u00e9 republice. V\u00fduka za\u010d\u00edn\u00e1 v z\u00e1\u0159\u00ed, tak\u017ee je dostatek \u010dasu na klidnou p\u0159\u00edpravu na p\u0159ij\u00edmac\u00ed zkou\u0161ky.<\/p>\n\n\n\n<h2 class=\"wp-block-heading\">Form\u00e1ty v\u00fduky:<\/h2>\n\n\n\n<p>Ch\u00e1peme, \u017ee ka\u017ed\u00e9 d\u00edt\u011b m\u00e1 jin\u00e9 pot\u0159eby a preference, proto nab\u00edz\u00edme r\u016fzn\u00e9 formy v\u00fduky:<\/p>\n\n\n\n<ul class=\"wp-block-list\">\n<li><strong>V\u00fduka v mal\u00fdch skupin\u00e1ch<\/strong> \u2013 ve skupin\u011b je maxim\u00e1ln\u011b 10 vrstevn\u00edk\u016f. V\u00fduka prob\u00edh\u00e1 dvakr\u00e1t t\u00fddn\u011b po 1,5 hodin\u011b. Zam\u011b\u0159ujeme se na nejd\u016fle\u017eit\u011bj\u0161\u00ed p\u0159edm\u011bty \u2013 matematiku a \u010desk\u00fd jazyk.<\/li>\n\n\n\n<li><strong>Individu\u00e1ln\u00ed lekce<\/strong> \u2013 program lze p\u0159izp\u016fsobit znalostem a tempu d\u00edt\u011bte, nap\u0159\u00edklad pokud je pot\u0159eba dohnat ur\u010dit\u00e9 u\u010divo nebo postupovat rychleji.<\/li>\n<\/ul>\n\n\n\n<p>V r\u00e1mci p\u0159\u00edpravy na p\u0159ijet\u00ed ke studiu na st\u0159edn\u00ed \u0161kole procvi\u010dujeme nejen gramatiku a slovn\u00ed z\u00e1sobu, ale z\u00e1rove\u0148 systematicky p\u0159ipravujeme \u017e\u00e1ky na st\u00e1tn\u00ed p\u0159ij\u00edmac\u00ed zkou\u0161ky, kter\u00e9 mus\u00ed absolvovat pro vstup do 9. t\u0159\u00eddy.<\/p>\n\n\n\n<h2 class=\"wp-block-heading\">P\u0159\u00edprava na vstup: pro\u010d si rodi\u010de vyb\u00edraj\u00ed EdVista?<\/h2>\n\n\n\n<ul class=\"wp-block-list\">\n<li><strong>Srozumiteln\u00e1 matematika<\/strong> \u2013 slo\u017eit\u00e9 matematick\u00e9 \u00falohy vysv\u011btlujeme jednodu\u0161e a p\u0159\u00edstupn\u011b, aby je d\u00edt\u011b snadno pochopilo.<\/li>\n\n\n\n<li><strong>Siln\u00e9 znalosti \u010desk\u00e9ho jazyka<\/strong> \u2013 nau\u010d\u00edme d\u00edt\u011b \u010de\u0161tinu tak, aby mohlo plynule komunikovat a rozum\u011blo v\u00fduce.<\/li>\n\n\n\n<li><strong>Podpora v ukrajin\u0161tin\u011b<\/strong> \u2013 v\u00edme, jak d\u016fle\u017eit\u00e9 je c\u00edtit se v nov\u00e9 zemi bezpe\u010dn\u011b. Na\u0161i lekto\u0159i pom\u00e1haj\u00ed s adaptac\u00ed a p\u0159izp\u016fsobuj\u00ed v\u00fduku individu\u00e1ln\u00edm pot\u0159eb\u00e1m d\u00edt\u011bte.<\/li>\n\n\n\n<li><strong>P\u0159\u00edprava na zkou\u0161ky<\/strong> \u2013 v\u00edme p\u0159esn\u011b, co se v p\u0159ij\u00edmac\u00edch zkou\u0161k\u00e1ch na \u010desk\u00e9 \u0161koly objevuje, a p\u0159ipravujeme d\u011bti c\u00edlen\u011b na tato t\u00e9mata.<\/li>\n<\/ul>\n\n\n\n<h2 class=\"wp-block-heading\">Po absolvov\u00e1n\u00ed kurzu:<\/h2>\n\n\n\n<p>Student\/studentka bude:<\/p>\n\n\n\n<ul class=\"wp-block-list\">\n<li>Zn\u00e1t matematiku a \u010de\u0161tinu na \u00farovni pot\u0159ebn\u00e9 pro p\u0159ijet\u00ed na st\u0159edn\u00ed \u0161kolu.<\/li>\n\n\n\n<li>Pln\u011b p\u0159ipraven\/a na p\u0159ij\u00edmac\u00ed zkou\u0161ky, bude v\u011bd\u011bt, co o\u010dek\u00e1vat a jak spr\u00e1vn\u011b odpov\u00eddat.<\/li>\n\n\n\n<li>Schopn\u00fd\/\u00e1 se snadno adaptovat na v\u00fduku v \u010de\u0161tin\u011b \u2013 co\u017e je kl\u00ed\u010dov\u00e9 pro jeho\/jej\u00ed pohodl\u00ed a \u00fasp\u011bch ve \u0161kole v \u010cesku.<\/li>\n<\/ul>\n\n\n\n<h2 class=\"wp-block-heading\">Chcete se dozv\u011bd\u011bt v\u00edc? P\u0159\u00edprava na p\u0159ijet\u00ed je d\u016fle\u017eit\u00fd krok \u2013 a my jsme p\u0159ipraveni v\u00e1m pomoci!<\/h2>\n\n\n\n<p>EdVista po\u0159\u00e1d\u00e1 kurzy \u010desk\u00e9ho jazyka pro Ukrajince \u2013 jak pro studenty se z\u00e1kladn\u00edmi znalostmi, tak i ro\u010dn\u00ed intenzivn\u00ed kurz \u010de\u0161tiny. Chceme, aby se studenti u\u010dili nejen v u\u010debn\u00e1ch, a proto komunikujeme i p\u0159es r\u016fzn\u00e9 kan\u00e1ly. Zvolte si ten, kter\u00fd v\u00e1m nejl\u00e9pe vyhovuje:<\/p>\n\n\n\n<ul class=\"wp-block-list\">\n<li>Email: <a>ed.vista.center@gmail.com<\/a><\/li>\n\n\n\n<li>Telefony: <a href=\"tel:+420770624146\">+420 770 624 146<\/a>.&nbsp;<\/li>\n\n\n\n<li>Messengery: <a href=\"https:\/\/t.me\/+420770624146\" rel=\"nofollow\" target=\"_blank\">Telegram&nbsp;<\/a>a&nbsp;<a href=\"https:\/\/wa.me\/+420770624146\" rel=\"nofollow\" target=\"_blank\">WhatsApp<\/a>.<\/li>\n<\/ul>\n\n\n\n<p>Sledujte n\u00e1s tak\u00e9 na soci\u00e1ln\u00edch s\u00edt\u00edch \u2013 a\u0165 v\u00e1m neuniknou u\u017eite\u010dn\u00e9 tipy, novinky a jazykov\u00e9 hacky:<\/p>\n\n\n\n<ul class=\"wp-block-list\">\n<li><a href=\"https:\/\/www.facebook.com\/share\/19rHBVQ5ad\/?mibextid=wwXIfr\" target=\"_blank\" rel=\"noreferrer noopener nofollow\">Facebook<\/a>&nbsp;<\/li>\n\n\n\n<li><a href=\"https:\/\/www.instagram.com\/ed.vista\" target=\"_blank\" rel=\"noreferrer noopener nofollow\">Instagram<\/a><\/li>\n\n\n\n<li><a href=\"https:\/\/www.tiktok.com\/@ed.vista?_t=ZM-8wyeeoynBOH&amp;_r=1\" target=\"_blank\" rel=\"noreferrer noopener nofollow\">TikTok<\/a><\/li>\n<\/ul>\n\n\n\n<p>Napi\u0161te n\u00e1m, zavolejte nebo zanechte zpr\u00e1vu p\u0159es web \u2013 v\u017edy v\u00e1m r\u00e1di porad\u00edme a najdeme nejlep\u0161\u00ed \u0159e\u0161en\u00ed. Spole\u010dn\u011b ud\u011bl\u00e1me z \u010de\u0161tiny nejen n\u00e1stroj, ale ned\u00edlnou sou\u010d\u00e1st va\u0161eho \u00fasp\u011bchu!<\/p>\n\n\n\n<p><\/p>\n","protected":false},"excerpt":{"rendered":"<p>Konzultace a p\u0159\u00edprava na testy z matematiky a \u010desk\u00e9ho jazyka.<br \/>\nPom\u00e1h\u00e1me s v\u00fdb\u011brem budouc\u00edho m\u00edsta studia a registrac\u00ed dokument\u016f.<\/p>\n","protected":false},"author":1,"featured_media":1550,"parent":0,"menu_order":0,"comment_status":"closed","ping_status":"closed","template":"page-service.php","meta":{"_acf_changed":false,"footnotes":""},"tags":[12,11,7,6,10,5],"class_list":["post-120","page","type-page","status-publish","has-post-thumbnail","hentry","tag-jazykove-kurzy-pro-ukrajince","tag-jazykove-kurzy-v-brne","tag-naucit-se-cesky-snadno","tag-naucit-se-jazyk-snadno","tag-uceni-anglictiny","tag-uceni-se-jazyku"],"acf":[],"yoast_head":"<!-- This site is optimized with the Yoast SEO plugin v27.3 - https:\/\/yoast.com\/product\/yoast-seo-wordpress\/ -->\n<title>P\u0159\u00edprava na vstup na st\u0159edn\u00ed \u0161kolu | EdVista<\/title>\n<meta name=\"description\" content=\"P\u0159\u00edprava na vstup na st\u0159edn\u00ed \u0161kolu \ud83c\udf10 Vzd\u011bl\u00e1vac\u00ed centrum EdVista \ud83c\udf0d \u010cesk\u00fd jazyk \ud83d\udcd8 Anglick\u00fd jazyk \ud83d\udcf1 +420 770 624 146\" \/>\n<meta name=\"robots\" content=\"index, follow, max-snippet:-1, max-image-preview:large, max-video-preview:-1\" \/>\n<link rel=\"canonical\" href=\"https:\/\/edvista.com.ua\/cz\/preparation-for-entry-to-secondary-school\/\" \/>\n<meta property=\"og:locale\" content=\"cs_CZ\" \/>\n<meta property=\"og:type\" content=\"article\" \/>\n<meta property=\"og:title\" content=\"P\u0159\u00edprava na vstup na st\u0159edn\u00ed \u0161kolu | EdVista\" \/>\n<meta property=\"og:description\" content=\"P\u0159\u00edprava na vstup na st\u0159edn\u00ed \u0161kolu \ud83c\udf10 Vzd\u011bl\u00e1vac\u00ed centrum EdVista \ud83c\udf0d \u010cesk\u00fd jazyk \ud83d\udcd8 Anglick\u00fd jazyk \ud83d\udcf1 +420 770 624 146\" \/>\n<meta property=\"og:url\" content=\"https:\/\/edvista.com.ua\/cz\/preparation-for-entry-to-secondary-school\/\" \/>\n<meta property=\"og:site_name\" content=\"Jazykov\u00e9 centrum - Edvista\" \/>\n<meta property=\"article:publisher\" content=\"https:\/\/www.facebook.com\/EdVista\" \/>\n<meta property=\"article:modified_time\" content=\"2026-04-05T14:07:39+00:00\" \/>\n<meta property=\"og:image\" content=\"https:\/\/edvista.com.ua\/cz\/wp-content\/uploads\/2025\/05\/Frame-9.webp\" \/>\n\t<meta property=\"og:image:width\" content=\"300\" \/>\n\t<meta property=\"og:image:height\" content=\"322\" \/>\n\t<meta property=\"og:image:type\" content=\"image\/webp\" \/>\n<meta name=\"twitter:card\" content=\"summary_large_image\" \/>\n<meta name=\"twitter:title\" content=\"P\u0159\u00edprava na vstup na st\u0159edn\u00ed \u0161kolu | EdVista\" \/>\n<meta name=\"twitter:description\" content=\"P\u0159\u00edprava na vstup na st\u0159edn\u00ed \u0161kolu \ud83c\udf10 Vzd\u011bl\u00e1vac\u00ed centrum EdVista \ud83c\udf0d \u010cesk\u00fd jazyk \ud83d\udcd8 Anglick\u00fd jazyk \ud83d\ude80 +38 (050) 174 18 19 \ud83d\udcf1 +420 770 624 146\" \/>\n<meta name=\"twitter:image\" content=\"https:\/\/edvista.com.ua\/cz\/wp-content\/uploads\/2025\/05\/Frame-9.webp\" \/>\n<meta name=\"twitter:label1\" content=\"Odhadovan\u00e1 doba \u010dten\u00ed\" \/>\n\t<meta name=\"twitter:data1\" content=\"3 minuty\" \/>\n<!-- \/ Yoast SEO plugin. -->","yoast_head_json":{"title":"P\u0159\u00edprava na vstup na st\u0159edn\u00ed \u0161kolu | EdVista","description":"P\u0159\u00edprava na vstup na st\u0159edn\u00ed \u0161kolu \ud83c\udf10 Vzd\u011bl\u00e1vac\u00ed centrum EdVista \ud83c\udf0d \u010cesk\u00fd jazyk \ud83d\udcd8 Anglick\u00fd jazyk \ud83d\udcf1 +420 770 624 146","robots":{"index":"index","follow":"follow","max-snippet":"max-snippet:-1","max-image-preview":"max-image-preview:large","max-video-preview":"max-video-preview:-1"},"canonical":"https:\/\/edvista.com.ua\/cz\/preparation-for-entry-to-secondary-school\/","og_locale":"cs_CZ","og_type":"article","og_title":"P\u0159\u00edprava na vstup na st\u0159edn\u00ed \u0161kolu | EdVista","og_description":"P\u0159\u00edprava na vstup na st\u0159edn\u00ed \u0161kolu \ud83c\udf10 Vzd\u011bl\u00e1vac\u00ed centrum EdVista \ud83c\udf0d \u010cesk\u00fd jazyk \ud83d\udcd8 Anglick\u00fd jazyk \ud83d\udcf1 +420 770 624 146","og_url":"https:\/\/edvista.com.ua\/cz\/preparation-for-entry-to-secondary-school\/","og_site_name":"Jazykov\u00e9 centrum - Edvista","article_publisher":"https:\/\/www.facebook.com\/EdVista","article_modified_time":"2026-04-05T14:07:39+00:00","og_image":[{"width":300,"height":322,"url":"https:\/\/edvista.com.ua\/cz\/wp-content\/uploads\/2025\/05\/Frame-9.webp","type":"image\/webp"}],"twitter_card":"summary_large_image","twitter_title":"P\u0159\u00edprava na vstup na st\u0159edn\u00ed \u0161kolu | EdVista","twitter_description":"P\u0159\u00edprava na vstup na st\u0159edn\u00ed \u0161kolu \ud83c\udf10 Vzd\u011bl\u00e1vac\u00ed centrum EdVista \ud83c\udf0d \u010cesk\u00fd jazyk \ud83d\udcd8 Anglick\u00fd jazyk \ud83d\ude80 +38 (050) 174 18 19 \ud83d\udcf1 +420 770 624 146","twitter_image":"https:\/\/edvista.com.ua\/cz\/wp-content\/uploads\/2025\/05\/Frame-9.webp","twitter_misc":{"Odhadovan\u00e1 doba \u010dten\u00ed":"3 minuty"},"schema":{"@context":"https:\/\/schema.org","@graph":[{"@type":"WebPage","@id":"https:\/\/edvista.com.ua\/cz\/preparation-for-entry-to-secondary-school\/","url":"https:\/\/edvista.com.ua\/cz\/preparation-for-entry-to-secondary-school\/","name":"P\u0159\u00edprava na vstup na st\u0159edn\u00ed \u0161kolu | EdVista","isPartOf":{"@id":"https:\/\/edvista.com.ua\/cz\/#website"},"primaryImageOfPage":{"@id":"https:\/\/edvista.com.ua\/cz\/preparation-for-entry-to-secondary-school\/#primaryimage"},"image":{"@id":"https:\/\/edvista.com.ua\/cz\/preparation-for-entry-to-secondary-school\/#primaryimage"},"thumbnailUrl":"https:\/\/edvista.com.ua\/cz\/wp-content\/uploads\/2026\/03\/Frame-9.avif","datePublished":"2025-05-19T09:06:30+00:00","dateModified":"2026-04-05T14:07:39+00:00","description":"P\u0159\u00edprava na vstup na st\u0159edn\u00ed \u0161kolu \ud83c\udf10 Vzd\u011bl\u00e1vac\u00ed centrum EdVista \ud83c\udf0d \u010cesk\u00fd jazyk \ud83d\udcd8 Anglick\u00fd jazyk \ud83d\udcf1 +420 770 624 146","breadcrumb":{"@id":"https:\/\/edvista.com.ua\/cz\/preparation-for-entry-to-secondary-school\/#breadcrumb"},"inLanguage":"cs","potentialAction":[{"@type":"ReadAction","target":["https:\/\/edvista.com.ua\/cz\/preparation-for-entry-to-secondary-school\/"]}]},{"@type":"ImageObject","inLanguage":"cs","@id":"https:\/\/edvista.com.ua\/cz\/preparation-for-entry-to-secondary-school\/#primaryimage","url":"https:\/\/edvista.com.ua\/cz\/wp-content\/uploads\/2026\/03\/Frame-9.avif","contentUrl":"https:\/\/edvista.com.ua\/cz\/wp-content\/uploads\/2026\/03\/Frame-9.avif","width":350,"height":375,"caption":"Hol\u010di\u010dka studuje u stolu | EdVista"},{"@type":"BreadcrumbList","@id":"https:\/\/edvista.com.ua\/cz\/preparation-for-entry-to-secondary-school\/#breadcrumb","itemListElement":[{"@type":"ListItem","position":1,"name":"Dom\u016f","item":"https:\/\/edvista.com.ua\/cz\/"},{"@type":"ListItem","position":2,"name":"P\u0159\u00edprava na vstup na st\u0159edn\u00ed \u0161kolu"}]},{"@type":"WebSite","@id":"https:\/\/edvista.com.ua\/cz\/#website","url":"https:\/\/edvista.com.ua\/cz\/","name":"Jazykov\u00e9 centrum EdVista","description":"P\u0159\u00edprava na p\u0159ijet\u00ed na \u010desk\u00e9 vysok\u00e9 \u0161koly","publisher":{"@id":"https:\/\/edvista.com.ua\/cz\/#organization"},"potentialAction":[{"@type":"SearchAction","target":{"@type":"EntryPoint","urlTemplate":"https:\/\/edvista.com.ua\/cz\/?s={search_term_string}"},"query-input":{"@type":"PropertyValueSpecification","valueRequired":true,"valueName":"search_term_string"}}],"inLanguage":"cs"},{"@type":"Organization","@id":"https:\/\/edvista.com.ua\/cz\/#organization","name":"Edvista","url":"https:\/\/edvista.com.ua\/cz\/","logo":{"@type":"ImageObject","inLanguage":"cs","@id":"https:\/\/edvista.com.ua\/cz\/#\/schema\/logo\/image\/","url":"https:\/\/edvista.com.ua\/cz\/wp-content\/uploads\/2025\/06\/logo-1.svg","contentUrl":"https:\/\/edvista.com.ua\/cz\/wp-content\/uploads\/2025\/06\/logo-1.svg","width":1,"height":1,"caption":"Edvista"},"image":{"@id":"https:\/\/edvista.com.ua\/cz\/#\/schema\/logo\/image\/"},"sameAs":["https:\/\/www.facebook.com\/EdVista","https:\/\/www.instagram.com\/ed.vista\/","https:\/\/www.threads.com\/@ed.vista?xmt=AQF0D9nImP0G7VzgulLgJYEP794vq8QLUHsl6kIYOu187bA","https:\/\/www.youtube.com\/channel\/UCxRfTgnhdIbZOn-hI9xowNA","https:\/\/www.tiktok.com\/@ed.vista?_r=1&_t=ZS-948DrdZoQbo"]}]}},"amp_enabled":true,"_links":{"self":[{"href":"https:\/\/edvista.com.ua\/cz\/wp-json\/wp\/v2\/pages\/120","targetHints":{"allow":["GET"]}}],"collection":[{"href":"https:\/\/edvista.com.ua\/cz\/wp-json\/wp\/v2\/pages"}],"about":[{"href":"https:\/\/edvista.com.ua\/cz\/wp-json\/wp\/v2\/types\/page"}],"author":[{"embeddable":true,"href":"https:\/\/edvista.com.ua\/cz\/wp-json\/wp\/v2\/users\/1"}],"replies":[{"embeddable":true,"href":"https:\/\/edvista.com.ua\/cz\/wp-json\/wp\/v2\/comments?post=120"}],"version-history":[{"count":15,"href":"https:\/\/edvista.com.ua\/cz\/wp-json\/wp\/v2\/pages\/120\/revisions"}],"predecessor-version":[{"id":1785,"href":"https:\/\/edvista.com.ua\/cz\/wp-json\/wp\/v2\/pages\/120\/revisions\/1785"}],"wp:featuredmedia":[{"embeddable":true,"href":"https:\/\/edvista.com.ua\/cz\/wp-json\/wp\/v2\/media\/1550"}],"wp:attachment":[{"href":"https:\/\/edvista.com.ua\/cz\/wp-json\/wp\/v2\/media?parent=120"}],"wp:term":[{"taxonomy":"post_tag","embeddable":true,"href":"https:\/\/edvista.com.ua\/cz\/wp-json\/wp\/v2\/tags?post=120"}],"curies":[{"name":"wp","href":"https:\/\/api.w.org\/{rel}","templated":true}]}}