{"id":116,"date":"2025-05-19T12:05:59","date_gmt":"2025-05-19T09:05:59","guid":{"rendered":"http:\/\/edvista.cz\/?page_id=116"},"modified":"2026-03-31T19:23:01","modified_gmt":"2026-03-31T16:23:01","slug":"czech-courses-from-0-to-b2","status":"publish","type":"page","link":"https:\/\/edvista.com.ua\/cz\/czech-courses-from-0-to-b2\/","title":{"rendered":"Kurzy \u010de\u0161tiny od A0-B2"},"content":{"rendered":"\n<p>Studium \u010de\u0161tiny otev\u00edr\u00e1 mnoho p\u0159\u00edle\u017eitost\u00ed \u2013 od \u00fasp\u011b\u0161n\u00e9ho studia na \u0161kole nebo univerzit\u011b a\u017e po pohodln\u00fd \u017eivot, z\u00edsk\u00e1n\u00ed trval\u00e9ho pobytu (TP) nebo \u00fasp\u011b\u0161nou kari\u00e9ru v \u010cesk\u00e9 republice.<br>Pro Ukrajince, kte\u0159\u00ed sn\u00ed o \u017eivot\u011b a vzd\u011bl\u00e1v\u00e1n\u00ed v t\u00e9to zemi, jsou kvalitn\u00ed kurzy \u010desk\u00e9ho jazyka prvn\u00edm a nejd\u016fle\u017eit\u011bj\u0161\u00edm krokem.<br>Vzd\u011bl\u00e1vac\u00ed centrum <a href=\"\/\" target=\"_blank\" rel=\"noreferrer noopener\">EdVista <\/a>v Brn\u011b nab\u00edz\u00ed komplexn\u00ed kurzy \u010de\u0161tiny od \u00fapln\u00fdch za\u010d\u00e1tk\u016f, kter\u00e9 v\u00e1m pomohou dos\u00e1hnout \u00farovn\u011b B2 (sebev\u011bdom\u00e9 jazykov\u00e9 znalosti) pot\u0159ebn\u00e9 pro mnoho \u017eivotn\u00edch situac\u00ed.<\/p>\n\n\n\n<h2 class=\"wp-block-heading\">Kurzy \u010de\u0161tiny a jazykov\u00e1 \u00farove\u0148 podle evropsk\u00e9ho r\u00e1mce CEFR<\/h2>\n\n\n\n<h3 class=\"wp-block-heading\">\u00darove\u0148 A0\u2013A1 \u2013 Za\u010d\u00e1te\u010dn\u00edk<\/h3>\n\n\n\n<ul class=\"wp-block-list\">\n<li>Z\u00e1klady \u010dten\u00ed, v\u00fdslovnosti a b\u011b\u017en\u00e9 slovn\u00ed z\u00e1soby<\/li>\n\n\n\n<li>Jednoduch\u00e1 komunikace: seznamov\u00e1n\u00ed, nakupov\u00e1n\u00ed, doprava<\/li>\n\n\n\n<li>Z\u00e1kladn\u00ed gramatika: p\u0159\u00edtomn\u00fd \u010das, osobn\u00ed z\u00e1jmena<br><strong>V\u00fdsledek:<\/strong> Dok\u00e1\u017eete se p\u0159edstavit, kl\u00e1st jednoduch\u00e9 ot\u00e1zky a rozum\u011bt z\u00e1kladn\u00edm fr\u00e1z\u00edm<\/li>\n<\/ul>\n\n\n\n<h3 class=\"wp-block-heading\">\u00darove\u0148 A2 \u2013 M\u00edrn\u011b pokro\u010dil\u00fd<\/h3>\n\n\n\n<ul class=\"wp-block-list\">\n<li>Roz\u0161\u00ed\u0159en\u00e1 t\u00e9mata ka\u017edodenn\u00edho \u017eivota: zdrav\u00ed, voln\u00fd \u010das, cestov\u00e1n\u00ed<\/li>\n\n\n\n<li>Minul\u00fd \u010das, jednoduch\u00e9 dialogy v b\u011b\u017en\u00fdch situac\u00edch<\/li>\n\n\n\n<li>\u010cten\u00ed kr\u00e1tk\u00fdch text\u016f, psan\u00ed jednoduch\u00fdch zpr\u00e1v<br><strong>V\u00fdsledek:<\/strong> Sebev\u011bdom\u00e1 ka\u017edodenn\u00ed komunikace na zn\u00e1m\u00e1 t\u00e9mata<\/li>\n<\/ul>\n\n\n\n<h3 class=\"wp-block-heading\">\u00darove\u0148 B1 \u2013 St\u0159edn\u011b pokro\u010dil\u00fd<\/h3>\n\n\n\n<ul class=\"wp-block-list\">\n<li>Vypr\u00e1v\u011bn\u00ed ud\u00e1lost\u00ed, popis situac\u00ed, vyj\u00e1d\u0159en\u00ed vlastn\u00edho n\u00e1zoru<\/li>\n\n\n\n<li>Gramatika: podm\u00ednkov\u00e9 v\u011bty, nep\u0159\u00edm\u00e1 \u0159e\u010d<\/li>\n\n\n\n<li>Psan\u00ed esej\u00ed, e-mail\u016f, porozum\u011bn\u00ed obecn\u00fdm zpr\u00e1v\u00e1m<br><strong>V\u00fdsledek:<\/strong> Dok\u00e1\u017eete v\u00e9st konverzace, \u010d\u00edst neadaptovan\u00e9 texty a zapojit se do diskus\u00ed.<\/li>\n<\/ul>\n\n\n\n<h3 class=\"wp-block-heading\">\u00darove\u0148 B2 \u2013 Vy\u0161\u0161\u00ed st\u0159edn\u011b pokro\u010dil\u00fd (sebev\u011bdom\u00fd)<\/h3>\n\n\n\n<ul class=\"wp-block-list\">\n<li>Akademick\u00e1 slovn\u00ed z\u00e1soba, slo\u017eit\u011bj\u0161\u00ed v\u011btn\u00e9 struktury<\/li>\n\n\n\n<li>P\u00edsemn\u00e9 \u00fakoly: anal\u00fdzy, prezentace, ofici\u00e1ln\u00ed dokumenty<\/li>\n\n\n\n<li>Schopnost argumentace, \u00fa\u010dasti v debat\u00e1ch, anal\u00fdza text\u016f<br><strong>V\u00fdsledek:<\/strong> Pln\u00e1 p\u0159ipravenost ke studiu na \u010desk\u00e9 univerzit\u011b a slo\u017een\u00ed ofici\u00e1ln\u00ed zkou\u0161ky z \u010de\u0161tiny na \u00farovni B2.<\/li>\n<\/ul>\n\n\n\n<h2 class=\"wp-block-heading\">Kurzy \u010de\u0161tiny pro Ukrajince: krok k adaptaci v \u010cesku<\/h2>\n\n\n\n<p>Studium v EdVist\u011b je spolehlivou cestou k dosa\u017een\u00ed va\u0161\u00ed c\u00edlov\u00e9 jazykov\u00e9 \u00farovn\u011b.<br>Nab\u00edz\u00edme strukturovan\u00fd a efektivn\u00ed v\u00fdukov\u00fd pl\u00e1n \u2013 od \u00fapln\u00e9ho za\u010d\u00e1te\u010dn\u00edka a\u017e po sebev\u011bdomou \u00farove\u0148 B2 \u2013 a z\u00e1rove\u0148 v\u00e1m pom\u00e1h\u00e1me c\u00edtit se jist\u011b v nov\u00e9m jazykov\u00e9m prost\u0159ed\u00ed.<\/p>\n\n\n\n<h2 class=\"wp-block-heading\">Chcete se dozv\u011bd\u011bt v\u00edce o kurzech \u010de\u0161tiny v Brn\u011b?<\/h2>\n\n\n\n<p>Na\u0161e vzd\u011bl\u00e1vac\u00ed spole\u010dnost nab\u00edz\u00ed kurzy \u010de\u0161tiny pro Ukrajince p\u0159izp\u016fsoben\u00e9 r\u016fzn\u00fdm \u00farovn\u00edm pokro\u010dilosti \u2013 od varianty \u201e\u010de\u0161tina od nuly\u201c a\u017e po pokro\u010dil\u00e9 programy.<br>Z\u00e1rove\u0148 studenty prov\u00e1z\u00edme na ka\u017ed\u00e9m kroku: od intenzivn\u00edch kurz\u016f \u010de\u0161tiny a\u017e po specializovan\u00e9 programy zam\u011b\u0159en\u00e9 na p\u0159\u00edpravu ke studiu na st\u0159edn\u00ed \u0161kole nebo z\u00edsk\u00e1n\u00ed trval\u00e9ho pobytu.<br>Hled\u00e1te-li efektivn\u00ed kurz \u010de\u0161tiny v Brn\u011b \u2013 pom\u016f\u017eeme v\u00e1m dos\u00e1hnout v\u00fdsledk\u016f. Jsme dostupn\u00ed p\u0159es r\u016fzn\u00e9 komunika\u010dn\u00ed kan\u00e1ly \u2013 vyberte si ten, kter\u00fd v\u00e1m nejl\u00e9pe vyhovuje:<\/p>\n\n\n\n<p>E-mail: <a>ed.vista.center@gmail.com<\/a><br>Telefon: <a href=\"tel:+420770624146\">+420 770 624 146<\/a>.\u00a0<br>Chat: <a href=\"https:\/\/t.me\/+420770624146\" target=\"_blank\" rel=\"nofollow\">Telegram\u00a0<\/a>a\u00a0<a href=\"https:\/\/wa.me\/+420770624146\" target=\"_blank\" rel=\"nofollow\">WhatsApp<\/a>.<\/p>\n\n\n\n<h3 class=\"wp-block-heading\">Sledujte n\u00e1s na soci\u00e1ln\u00edch s\u00edt\u00edch<\/h3>\n\n\n\n<p>Nenechte si uj\u00edt u\u017eite\u010dn\u00e9 tipy, novinky a jazykov\u00e9 triky:<\/p>\n\n\n\n<ul class=\"wp-block-list\">\n<li><a href=\"https:\/\/www.facebook.com\/share\/19rHBVQ5ad\/?mibextid=wwXIfr\" target=\"_blank\" rel=\"noreferrer noopener\">Facebook<\/a>\u00a0<\/li>\n\n\n\n<li><a href=\"https:\/\/www.instagram.com\/ed.vista\" target=\"_blank\" rel=\"noreferrer noopener nofollow\">Instagram<\/a><\/li>\n\n\n\n<li><a href=\"https:\/\/www.tiktok.com\/@ed.vista?_t=ZM-8wyeeoynBOH&amp;_r=1\" target=\"_blank\" rel=\"noreferrer noopener nofollow\">TikTok<\/a><\/li>\n<\/ul>\n\n\n\n<p><\/p>\n","protected":false},"excerpt":{"rendered":"<p>Individu\u00e1ln\u00ed a skupinov\u00e9 lekce \u010de\u0161tiny se zku\u0161en\u00fdmi \u010desk\u00fdmi lektory<\/p>\n","protected":false},"author":1,"featured_media":1738,"parent":0,"menu_order":0,"comment_status":"closed","ping_status":"closed","template":"page-service.php","meta":{"_acf_changed":false,"footnotes":""},"tags":[12,11,7,6,10,5],"class_list":["post-116","page","type-page","status-publish","has-post-thumbnail","hentry","tag-jazykove-kurzy-pro-ukrajince","tag-jazykove-kurzy-v-brne","tag-naucit-se-cesky-snadno","tag-naucit-se-jazyk-snadno","tag-uceni-anglictiny","tag-uceni-se-jazyku"],"acf":[],"yoast_head":"<!-- This site is optimized with the Yoast SEO plugin v27.3 - https:\/\/yoast.com\/product\/yoast-seo-wordpress\/ -->\n<title>Kurzy \u010de\u0161tiny od 0 do B2 | EdVista<\/title>\n<meta name=\"description\" content=\"Kurzy \u010de\u0161tiny od 0 do B2 \ud83c\udf10 Vzd\u011bl\u00e1vac\u00ed centrum EdVista \ud83c\udf0d \u010cesk\u00fd jazyk \ud83d\udcd8 Anglick\u00fd jazyk \ud83d\udcf1 +420 770 624 146\" \/>\n<meta name=\"robots\" content=\"index, follow, max-snippet:-1, max-image-preview:large, max-video-preview:-1\" \/>\n<link rel=\"canonical\" href=\"https:\/\/edvista.com.ua\/cz\/czech-courses-from-0-to-b2\/\" \/>\n<meta property=\"og:locale\" content=\"cs_CZ\" \/>\n<meta property=\"og:type\" content=\"article\" \/>\n<meta property=\"og:title\" content=\"Kurzy \u010de\u0161tiny od 0 do B2 | EdVista\" \/>\n<meta property=\"og:description\" content=\"Kurzy \u010de\u0161tiny od 0 do B2 \ud83c\udf10 Vzd\u011bl\u00e1vac\u00ed centrum EdVista \ud83c\udf0d \u010cesk\u00fd jazyk \ud83d\udcd8 Anglick\u00fd jazyk \ud83d\udcf1 +420 770 624 146\" \/>\n<meta property=\"og:url\" content=\"https:\/\/edvista.com.ua\/cz\/czech-courses-from-0-to-b2\/\" \/>\n<meta property=\"og:site_name\" content=\"Jazykov\u00e9 centrum - Edvista\" \/>\n<meta property=\"article:publisher\" content=\"https:\/\/www.facebook.com\/EdVista\" \/>\n<meta property=\"article:modified_time\" content=\"2026-03-31T16:23:01+00:00\" \/>\n<meta property=\"og:image\" content=\"https:\/\/edvista.com.ua\/cz\/wp-content\/uploads\/2025\/05\/Frame-10.webp\" \/>\n\t<meta property=\"og:image:width\" content=\"300\" \/>\n\t<meta property=\"og:image:height\" content=\"321\" \/>\n\t<meta property=\"og:image:type\" content=\"image\/webp\" \/>\n<meta name=\"twitter:card\" content=\"summary_large_image\" \/>\n<meta name=\"twitter:title\" content=\"Kurzy \u010de\u0161tiny od 0 do B2 | EdVista\" \/>\n<meta name=\"twitter:description\" content=\"Kurzy \u010de\u0161tiny od 0 do B2 \ud83c\udf10 Vzd\u011bl\u00e1vac\u00ed centrum EdVista \ud83c\udf0d \u010cesk\u00fd jazyk \ud83d\udcd8 Anglick\u00fd jazyk \ud83d\udcf1 +420 770 624 146\" \/>\n<meta name=\"twitter:image\" content=\"https:\/\/edvista.com.ua\/cz\/wp-content\/uploads\/2025\/05\/Frame-10.webp\" \/>\n<meta name=\"twitter:label1\" content=\"Odhadovan\u00e1 doba \u010dten\u00ed\" \/>\n\t<meta name=\"twitter:data1\" content=\"3 minuty\" \/>\n<!-- \/ Yoast SEO plugin. -->","yoast_head_json":{"title":"Kurzy \u010de\u0161tiny od 0 do B2 | EdVista","description":"Kurzy \u010de\u0161tiny od 0 do B2 \ud83c\udf10 Vzd\u011bl\u00e1vac\u00ed centrum EdVista \ud83c\udf0d \u010cesk\u00fd jazyk \ud83d\udcd8 Anglick\u00fd jazyk \ud83d\udcf1 +420 770 624 146","robots":{"index":"index","follow":"follow","max-snippet":"max-snippet:-1","max-image-preview":"max-image-preview:large","max-video-preview":"max-video-preview:-1"},"canonical":"https:\/\/edvista.com.ua\/cz\/czech-courses-from-0-to-b2\/","og_locale":"cs_CZ","og_type":"article","og_title":"Kurzy \u010de\u0161tiny od 0 do B2 | EdVista","og_description":"Kurzy \u010de\u0161tiny od 0 do B2 \ud83c\udf10 Vzd\u011bl\u00e1vac\u00ed centrum EdVista \ud83c\udf0d \u010cesk\u00fd jazyk \ud83d\udcd8 Anglick\u00fd jazyk \ud83d\udcf1 +420 770 624 146","og_url":"https:\/\/edvista.com.ua\/cz\/czech-courses-from-0-to-b2\/","og_site_name":"Jazykov\u00e9 centrum - Edvista","article_publisher":"https:\/\/www.facebook.com\/EdVista","article_modified_time":"2026-03-31T16:23:01+00:00","og_image":[{"width":300,"height":321,"url":"https:\/\/edvista.com.ua\/cz\/wp-content\/uploads\/2025\/05\/Frame-10.webp","type":"image\/webp"}],"twitter_card":"summary_large_image","twitter_title":"Kurzy \u010de\u0161tiny od 0 do B2 | EdVista","twitter_description":"Kurzy \u010de\u0161tiny od 0 do B2 \ud83c\udf10 Vzd\u011bl\u00e1vac\u00ed centrum EdVista \ud83c\udf0d \u010cesk\u00fd jazyk \ud83d\udcd8 Anglick\u00fd jazyk \ud83d\udcf1 +420 770 624 146","twitter_image":"https:\/\/edvista.com.ua\/cz\/wp-content\/uploads\/2025\/05\/Frame-10.webp","twitter_misc":{"Odhadovan\u00e1 doba \u010dten\u00ed":"3 minuty"},"schema":{"@context":"https:\/\/schema.org","@graph":[{"@type":"WebPage","@id":"https:\/\/edvista.com.ua\/cz\/czech-courses-from-0-to-b2\/","url":"https:\/\/edvista.com.ua\/cz\/czech-courses-from-0-to-b2\/","name":"Kurzy \u010de\u0161tiny od 0 do B2 | EdVista","isPartOf":{"@id":"https:\/\/edvista.com.ua\/cz\/#website"},"primaryImageOfPage":{"@id":"https:\/\/edvista.com.ua\/cz\/czech-courses-from-0-to-b2\/#primaryimage"},"image":{"@id":"https:\/\/edvista.com.ua\/cz\/czech-courses-from-0-to-b2\/#primaryimage"},"thumbnailUrl":"https:\/\/edvista.com.ua\/cz\/wp-content\/uploads\/2026\/03\/student-holding-folders-with-czech-symbol.webp","datePublished":"2025-05-19T09:05:59+00:00","dateModified":"2026-03-31T16:23:01+00:00","description":"Kurzy \u010de\u0161tiny od 0 do B2 \ud83c\udf10 Vzd\u011bl\u00e1vac\u00ed centrum EdVista \ud83c\udf0d \u010cesk\u00fd jazyk \ud83d\udcd8 Anglick\u00fd jazyk \ud83d\udcf1 +420 770 624 146","breadcrumb":{"@id":"https:\/\/edvista.com.ua\/cz\/czech-courses-from-0-to-b2\/#breadcrumb"},"inLanguage":"cs","potentialAction":[{"@type":"ReadAction","target":["https:\/\/edvista.com.ua\/cz\/czech-courses-from-0-to-b2\/"]}]},{"@type":"ImageObject","inLanguage":"cs","@id":"https:\/\/edvista.com.ua\/cz\/czech-courses-from-0-to-b2\/#primaryimage","url":"https:\/\/edvista.com.ua\/cz\/wp-content\/uploads\/2026\/03\/student-holding-folders-with-czech-symbol.webp","contentUrl":"https:\/\/edvista.com.ua\/cz\/wp-content\/uploads\/2026\/03\/student-holding-folders-with-czech-symbol.webp","width":1200,"height":1286,"caption":"Studentka dr\u017e\u00ed po\u0159ada\u010de s \u010desk\u00fdm symbolem"},{"@type":"BreadcrumbList","@id":"https:\/\/edvista.com.ua\/cz\/czech-courses-from-0-to-b2\/#breadcrumb","itemListElement":[{"@type":"ListItem","position":1,"name":"Dom\u016f","item":"https:\/\/edvista.com.ua\/cz\/"},{"@type":"ListItem","position":2,"name":"Kurzy \u010de\u0161tiny od A0-B2"}]},{"@type":"WebSite","@id":"https:\/\/edvista.com.ua\/cz\/#website","url":"https:\/\/edvista.com.ua\/cz\/","name":"Jazykov\u00e9 centrum EdVista","description":"P\u0159\u00edprava na p\u0159ijet\u00ed na \u010desk\u00e9 vysok\u00e9 \u0161koly","publisher":{"@id":"https:\/\/edvista.com.ua\/cz\/#organization"},"potentialAction":[{"@type":"SearchAction","target":{"@type":"EntryPoint","urlTemplate":"https:\/\/edvista.com.ua\/cz\/?s={search_term_string}"},"query-input":{"@type":"PropertyValueSpecification","valueRequired":true,"valueName":"search_term_string"}}],"inLanguage":"cs"},{"@type":"Organization","@id":"https:\/\/edvista.com.ua\/cz\/#organization","name":"Edvista","url":"https:\/\/edvista.com.ua\/cz\/","logo":{"@type":"ImageObject","inLanguage":"cs","@id":"https:\/\/edvista.com.ua\/cz\/#\/schema\/logo\/image\/","url":"https:\/\/edvista.com.ua\/cz\/wp-content\/uploads\/2025\/06\/logo-1.svg","contentUrl":"https:\/\/edvista.com.ua\/cz\/wp-content\/uploads\/2025\/06\/logo-1.svg","width":1,"height":1,"caption":"Edvista"},"image":{"@id":"https:\/\/edvista.com.ua\/cz\/#\/schema\/logo\/image\/"},"sameAs":["https:\/\/www.facebook.com\/EdVista","https:\/\/www.instagram.com\/ed.vista\/","https:\/\/www.threads.com\/@ed.vista?xmt=AQF0D9nImP0G7VzgulLgJYEP794vq8QLUHsl6kIYOu187bA","https:\/\/www.youtube.com\/channel\/UCxRfTgnhdIbZOn-hI9xowNA","https:\/\/www.tiktok.com\/@ed.vista?_r=1&_t=ZS-948DrdZoQbo"]}]}},"amp_enabled":true,"_links":{"self":[{"href":"https:\/\/edvista.com.ua\/cz\/wp-json\/wp\/v2\/pages\/116","targetHints":{"allow":["GET"]}}],"collection":[{"href":"https:\/\/edvista.com.ua\/cz\/wp-json\/wp\/v2\/pages"}],"about":[{"href":"https:\/\/edvista.com.ua\/cz\/wp-json\/wp\/v2\/types\/page"}],"author":[{"embeddable":true,"href":"https:\/\/edvista.com.ua\/cz\/wp-json\/wp\/v2\/users\/1"}],"replies":[{"embeddable":true,"href":"https:\/\/edvista.com.ua\/cz\/wp-json\/wp\/v2\/comments?post=116"}],"version-history":[{"count":25,"href":"https:\/\/edvista.com.ua\/cz\/wp-json\/wp\/v2\/pages\/116\/revisions"}],"predecessor-version":[{"id":1758,"href":"https:\/\/edvista.com.ua\/cz\/wp-json\/wp\/v2\/pages\/116\/revisions\/1758"}],"wp:featuredmedia":[{"embeddable":true,"href":"https:\/\/edvista.com.ua\/cz\/wp-json\/wp\/v2\/media\/1738"}],"wp:attachment":[{"href":"https:\/\/edvista.com.ua\/cz\/wp-json\/wp\/v2\/media?parent=116"}],"wp:term":[{"taxonomy":"post_tag","embeddable":true,"href":"https:\/\/edvista.com.ua\/cz\/wp-json\/wp\/v2\/tags?post=116"}],"curies":[{"name":"wp","href":"https:\/\/api.w.org\/{rel}","templated":true}]}}