{"id":114,"date":"2025-05-19T12:05:41","date_gmt":"2025-05-19T09:05:41","guid":{"rendered":"http:\/\/edvista.cz\/?page_id=114"},"modified":"2026-04-05T17:10:55","modified_gmt":"2026-04-05T14:10:55","slug":"english-courses-from-0-to-b2","status":"publish","type":"page","link":"https:\/\/edvista.com.ua\/cz\/english-courses-from-0-to-b2\/","title":{"rendered":"Kurzy angli\u010dtiny pro dosp\u011bl\u00e9 a d\u011bti"},"content":{"rendered":"\n<p>P\u0159edstavte si sv\u011bt bez omezen\u00ed, kde se m\u016f\u017eete snadno dorozum\u011bt v jak\u00e9koli zemi, kde m\u016f\u017eete objevovat nov\u00e9 p\u0159\u00edle\u017eitosti a budovat si \u00fasp\u011b\u0161nou kari\u00e9ru. Angli\u010dtina je kl\u00ed\u010dem k tomuto sv\u011btu, usnad\u0148uje mezin\u00e1rodn\u00ed komunikaci a v\u00e1\u0161 profesn\u00ed rozvoj. V <a href=\"\/\">EdVista<\/a> nab\u00edz\u00edme kurzy angli\u010dtiny a individu\u00e1ln\u00ed v\u00fduku pro v\u0161echny v\u011bkov\u00e9 kategorie a \u00farovn\u011b: od za\u010d\u00e1te\u010dn\u00edk\u016f, kte\u0159\u00ed d\u011blaj\u00ed prvn\u00ed kr\u016f\u010dky, a\u017e po zku\u0161en\u00e9 odborn\u00edky usiluj\u00edc\u00ed o dokonalost.<\/p>\n\n\n\n<h3 class=\"wp-block-heading\">Pro d\u011bti:<\/h3>\n\n\n\n<p>U\u010den\u00ed d\u011bt\u00ed by m\u011blo b\u00fdt vzru\u0161uj\u00edc\u00ed a p\u0159irozen\u00e9, proto\u017ee pr\u00e1v\u011b hravou formou nejl\u00e9pe vst\u0159eb\u00e1vaj\u00ed nov\u00e9 znalosti. Ch\u00e1peme, jak d\u016fle\u017eit\u00e9 je um\u011bt modern\u00ed studenty motivovat. Proto v na\u0161ich kurzech angli\u010dtiny vytv\u00e1\u0159\u00edme dynamick\u00e9 a interaktivn\u00ed prost\u0159ed\u00ed, kter\u00e9 nenech\u00e1 nikoho lhostejn\u00fdm.<\/p>\n\n\n\n<ul class=\"wp-block-list\">\n<li>Z\u00e1bavn\u00e9 interaktivn\u00ed lekce v mal\u00fdch skupin\u00e1ch, kde se ka\u017ed\u00e9mu d\u00edt\u011bti dostane dostate\u010dn\u00e9 pozornosti<\/li>\n\n\n\n<li>Hern\u00ed metodologie, kter\u00e1 rozv\u00edj\u00ed mluven\u00ed, poslech a \u010dten\u00ed<\/li>\n\n\n\n<li>U\u010ditel\u00e9 se zku\u0161enostmi s prac\u00ed s d\u011btmi, kte\u0159\u00ed jim pom\u00e1haj\u00ed postupn\u011b zlep\u0161ovat jejich dovednosti<\/li>\n\n\n\n<li>U\u010den\u00ed na \u00farovn\u00edch od A0 do B1<\/li>\n<\/ul>\n\n\n\n<h2 class=\"wp-block-heading\">Pro dosp\u011bl\u00e9:<\/h2>\n\n\n\n<p>Na\u0161e kurzy angli\u010dtiny pro dosp\u011bl\u00e9 jsou zam\u011b\u0159eny na re\u00e1ln\u00e9 \u017eivotn\u00ed situace a praktick\u00e9 uplatn\u011bn\u00ed znalost\u00ed:<\/p>\n\n\n\n<ul class=\"wp-block-list\">\n<li>Kurzy obecn\u00e9 angli\u010dtiny (A1\u2013B2)<\/li>\n\n\n\n<li>P\u0159\u00edprava na pr\u00e1ci, cestov\u00e1n\u00ed nebo studium<\/li>\n\n\n\n<li>\u017div\u00fd projev, praktick\u00e1 t\u00e9mata, gramatika \u2013 bez zahlcen\u00ed teori\u00ed<\/li>\n\n\n\n<li>Ve\u010dern\u00ed a denn\u00ed skupiny, mo\u017enost individu\u00e1ln\u00edho studia<\/li>\n<\/ul>\n\n\n\n<h2 class=\"wp-block-heading\">Kurzy angli\u010dtiny maj\u00ed r\u016fzn\u00e9 form\u00e1ty:<\/h2>\n\n\n\n<p>U\u010den\u00ed se nebo zdokonalov\u00e1n\u00ed angli\u010dtiny s EdVista je kombinac\u00ed pohodl\u00ed a efektivity. <\/p>\n\n\n\n<p>Nab\u00edz\u00edme:<\/p>\n\n\n\n<ul class=\"wp-block-list\">\n<li>\u0160kolen\u00ed v centru EdVista v Brn\u011b<\/li>\n\n\n\n<li>Skupiny s max. 10 studenty umo\u017e\u0148uj\u00edc\u00ed, umo\u017e\u0148uj\u00edc\u00ed individu\u00e1ln\u00ed p\u0159\u00edstup a aktivn\u00ed interakci<\/li>\n\n\n\n<li>V\u00fduka 2kr\u00e1t t\u00fddn\u011b pro udr\u017een\u00ed konstantn\u00edho tempa u\u010den\u00ed<\/li>\n\n\n\n<li>Mo\u017enost individu\u00e1ln\u00edch lekc\u00ed on-line i offline<\/li>\n<\/ul>\n\n\n\n<h2 class=\"wp-block-heading\"><strong>Kurzy angli\u010dtiny v EdVista \u2013 chcete se dozv\u011bd\u011bt v\u00edce?<\/strong><\/h2>\n\n\n\n<p>Pokud m\u00e1te z\u00e1jem o nejlep\u0161\u00ed kurzy angli\u010dtiny v Brn\u011b, ozv\u011bte se n\u00e1m prost\u0159ednictv\u00edm kter\u00e9koli z n\u00e1sleduj\u00edc\u00edch mo\u017enost\u00ed:<\/p>\n\n\n\n<ul class=\"wp-block-list\">\n<li>E-mail:&nbsp;<a href=\"mailto:ed.vista.center@gmail.com\" target=\"_blank\" rel=\"noreferrer noopener\">ed.vista.center@gmail.com<\/a><\/li>\n\n\n\n<li>Telefon:\u00a0<a href=\"tel:+420770624146\">+420 770 624 146<\/a>.\u00a0<\/li>\n\n\n\n<li>Chat:\u00a0<a href=\"https:\/\/t.me\/+420770624146\" target=\"_blank\" rel=\"nofollow\">Telegram\u00a0<\/a>a\u00a0<a href=\"https:\/\/wa.me\/+420770624146\" target=\"_blank\" rel=\"nofollow\">WhatsApp<\/a>.\u00a0<\/li>\n<\/ul>\n\n\n\n<p>Sledujte na\u0161e soci\u00e1ln\u00ed s\u00edt\u011b s na\u0161imi nejr\u016fzn\u011bj\u0161\u00edmi tipy \u010di zpr\u00e1vami o na\u0161\u00ed \u010dinnosti.<\/p>\n\n\n\n<ul class=\"wp-block-list\">\n<li><a href=\"https:\/\/www.facebook.com\/share\/19rHBVQ5ad\/?mibextid=wwXIfr\" target=\"_blank\" rel=\"noreferrer noopener\">Facebook<\/a>\u00a0<\/li>\n\n\n\n<li><a href=\"https:\/\/www.instagram.com\/ed.vista\" target=\"_blank\" rel=\"noreferrer noopener nofollow\">Instagram<\/a><\/li>\n\n\n\n<li><a href=\"https:\/\/www.tiktok.com\/@ed.vista?_t=ZM-8wyeeoynBOH&amp;_r=1\" target=\"_blank\" rel=\"noreferrer noopener nofollow\">TikTok<\/a><\/li>\n<\/ul>\n\n\n\n<p>Pokud jste si ji\u017e vybrali kurz angli\u010dtiny \u2013 p\u0159ihlaste se na zku\u0161ebn\u00ed lekci je\u0161t\u011b dnes! Jsme v\u017edy p\u0159ipraveni v\u00e1m pomoci, zodpov\u011bd\u011bt va\u0161e ot\u00e1zky a naj\u00edt pro v\u00e1s to nejlep\u0161\u00ed \u0159e\u0161en\u00ed.<\/p>\n\n\n\n<p><\/p>\n","protected":false},"excerpt":{"rendered":"<p>Individu\u00e1ln\u00ed a skupinov\u00e9 lekce angli\u010dtiny se zku\u0161en\u00fdmi lektory. Kurzy jsou k dispozici offline i online.<\/p>\n","protected":false},"author":1,"featured_media":1552,"parent":0,"menu_order":0,"comment_status":"closed","ping_status":"closed","template":"page-service.php","meta":{"_acf_changed":false,"footnotes":""},"tags":[12,11,6,10,5],"class_list":["post-114","page","type-page","status-publish","has-post-thumbnail","hentry","tag-jazykove-kurzy-pro-ukrajince","tag-jazykove-kurzy-v-brne","tag-naucit-se-jazyk-snadno","tag-uceni-anglictiny","tag-uceni-se-jazyku"],"acf":[],"yoast_head":"<!-- This site is optimized with the Yoast SEO plugin v27.3 - https:\/\/yoast.com\/product\/yoast-seo-wordpress\/ -->\n<title>Kurzy angli\u010dtiny od 0 do B2 | EdVista<\/title>\n<meta name=\"description\" content=\"Kurzy angli\u010dtiny od 0 do B2 \ud83c\udf10 Vzd\u011bl\u00e1vac\u00ed centrum EdVista \ud83c\udf0d \u010cesk\u00fd jazyk \ud83d\udcd8 Anglick\u00fd jazyk \ud83d\udcf1 +420 770 624 146\" \/>\n<meta name=\"robots\" content=\"index, follow, max-snippet:-1, max-image-preview:large, max-video-preview:-1\" \/>\n<link rel=\"canonical\" href=\"https:\/\/edvista.com.ua\/cz\/english-courses-from-0-to-b2\/\" \/>\n<meta property=\"og:locale\" content=\"cs_CZ\" \/>\n<meta property=\"og:type\" content=\"article\" \/>\n<meta property=\"og:title\" content=\"Kurzy angli\u010dtiny od 0 do B2 | EdVista\" \/>\n<meta property=\"og:description\" content=\"Kurzy angli\u010dtiny od 0 do B2 \ud83c\udf10 Vzd\u011bl\u00e1vac\u00ed centrum EdVista \ud83c\udf0d \u010cesk\u00fd jazyk \ud83d\udcd8 Anglick\u00fd jazyk \ud83d\udcf1 +420 770 624 146\" \/>\n<meta property=\"og:url\" content=\"https:\/\/edvista.com.ua\/cz\/english-courses-from-0-to-b2\/\" \/>\n<meta property=\"og:site_name\" content=\"Jazykov\u00e9 centrum - Edvista\" \/>\n<meta property=\"article:publisher\" content=\"https:\/\/www.facebook.com\/EdVista\" \/>\n<meta property=\"article:modified_time\" content=\"2026-04-05T14:10:55+00:00\" \/>\n<meta property=\"og:image\" content=\"https:\/\/edvista.com.ua\/cz\/wp-content\/uploads\/2025\/05\/Frame-9.webp\" \/>\n\t<meta property=\"og:image:width\" content=\"300\" \/>\n\t<meta property=\"og:image:height\" content=\"322\" \/>\n\t<meta property=\"og:image:type\" content=\"image\/webp\" \/>\n<meta name=\"twitter:card\" content=\"summary_large_image\" \/>\n<meta name=\"twitter:title\" content=\"Kurzy angli\u010dtiny od 0 do B2 | EdVista\" \/>\n<meta name=\"twitter:description\" content=\"Kurzy angli\u010dtiny od 0 do B2 \ud83c\udf10 Vzd\u011bl\u00e1vac\u00ed centrum EdVista \ud83c\udf0d \u010cesk\u00fd jazyk \ud83d\udcd8 Anglick\u00fd jazyk \ud83d\udcf1 +420 770 624 146\" \/>\n<meta name=\"twitter:image\" content=\"https:\/\/edvista.com.ua\/cz\/wp-content\/uploads\/2025\/05\/Frame-9.webp\" \/>\n<meta name=\"twitter:label1\" content=\"Odhadovan\u00e1 doba \u010dten\u00ed\" \/>\n\t<meta name=\"twitter:data1\" content=\"2 minuty\" \/>\n<!-- \/ Yoast SEO plugin. -->","yoast_head_json":{"title":"Kurzy angli\u010dtiny od 0 do B2 | EdVista","description":"Kurzy angli\u010dtiny od 0 do B2 \ud83c\udf10 Vzd\u011bl\u00e1vac\u00ed centrum EdVista \ud83c\udf0d \u010cesk\u00fd jazyk \ud83d\udcd8 Anglick\u00fd jazyk \ud83d\udcf1 +420 770 624 146","robots":{"index":"index","follow":"follow","max-snippet":"max-snippet:-1","max-image-preview":"max-image-preview:large","max-video-preview":"max-video-preview:-1"},"canonical":"https:\/\/edvista.com.ua\/cz\/english-courses-from-0-to-b2\/","og_locale":"cs_CZ","og_type":"article","og_title":"Kurzy angli\u010dtiny od 0 do B2 | EdVista","og_description":"Kurzy angli\u010dtiny od 0 do B2 \ud83c\udf10 Vzd\u011bl\u00e1vac\u00ed centrum EdVista \ud83c\udf0d \u010cesk\u00fd jazyk \ud83d\udcd8 Anglick\u00fd jazyk \ud83d\udcf1 +420 770 624 146","og_url":"https:\/\/edvista.com.ua\/cz\/english-courses-from-0-to-b2\/","og_site_name":"Jazykov\u00e9 centrum - Edvista","article_publisher":"https:\/\/www.facebook.com\/EdVista","article_modified_time":"2026-04-05T14:10:55+00:00","og_image":[{"width":300,"height":322,"url":"https:\/\/edvista.com.ua\/cz\/wp-content\/uploads\/2025\/05\/Frame-9.webp","type":"image\/webp"}],"twitter_card":"summary_large_image","twitter_title":"Kurzy angli\u010dtiny od 0 do B2 | EdVista","twitter_description":"Kurzy angli\u010dtiny od 0 do B2 \ud83c\udf10 Vzd\u011bl\u00e1vac\u00ed centrum EdVista \ud83c\udf0d \u010cesk\u00fd jazyk \ud83d\udcd8 Anglick\u00fd jazyk \ud83d\udcf1 +420 770 624 146","twitter_image":"https:\/\/edvista.com.ua\/cz\/wp-content\/uploads\/2025\/05\/Frame-9.webp","twitter_misc":{"Odhadovan\u00e1 doba \u010dten\u00ed":"2 minuty"},"schema":{"@context":"https:\/\/schema.org","@graph":[{"@type":"WebPage","@id":"https:\/\/edvista.com.ua\/cz\/english-courses-from-0-to-b2\/","url":"https:\/\/edvista.com.ua\/cz\/english-courses-from-0-to-b2\/","name":"Kurzy angli\u010dtiny od 0 do B2 | EdVista","isPartOf":{"@id":"https:\/\/edvista.com.ua\/cz\/#website"},"primaryImageOfPage":{"@id":"https:\/\/edvista.com.ua\/cz\/english-courses-from-0-to-b2\/#primaryimage"},"image":{"@id":"https:\/\/edvista.com.ua\/cz\/english-courses-from-0-to-b2\/#primaryimage"},"thumbnailUrl":"https:\/\/edvista.com.ua\/cz\/wp-content\/uploads\/2026\/03\/Frame-5.avif","datePublished":"2025-05-19T09:05:41+00:00","dateModified":"2026-04-05T14:10:55+00:00","description":"Kurzy angli\u010dtiny od 0 do B2 \ud83c\udf10 Vzd\u011bl\u00e1vac\u00ed centrum EdVista \ud83c\udf0d \u010cesk\u00fd jazyk \ud83d\udcd8 Anglick\u00fd jazyk \ud83d\udcf1 +420 770 624 146","breadcrumb":{"@id":"https:\/\/edvista.com.ua\/cz\/english-courses-from-0-to-b2\/#breadcrumb"},"inLanguage":"cs","potentialAction":[{"@type":"ReadAction","target":["https:\/\/edvista.com.ua\/cz\/english-courses-from-0-to-b2\/"]}]},{"@type":"ImageObject","inLanguage":"cs","@id":"https:\/\/edvista.com.ua\/cz\/english-courses-from-0-to-b2\/#primaryimage","url":"https:\/\/edvista.com.ua\/cz\/wp-content\/uploads\/2026\/03\/Frame-5.avif","contentUrl":"https:\/\/edvista.com.ua\/cz\/wp-content\/uploads\/2026\/03\/Frame-5.avif","width":350,"height":375,"caption":"R\u016fzn\u00e9 psac\u00ed pot\u0159eby, kter\u00e9 budete p\u0159i v\u00fdb\u011bru studia \u010desk\u00e9ho jazyka pot\u0159ebovat | EdVista"},{"@type":"BreadcrumbList","@id":"https:\/\/edvista.com.ua\/cz\/english-courses-from-0-to-b2\/#breadcrumb","itemListElement":[{"@type":"ListItem","position":1,"name":"Dom\u016f","item":"https:\/\/edvista.com.ua\/cz\/"},{"@type":"ListItem","position":2,"name":"Kurzy angli\u010dtiny pro dosp\u011bl\u00e9 a d\u011bti"}]},{"@type":"WebSite","@id":"https:\/\/edvista.com.ua\/cz\/#website","url":"https:\/\/edvista.com.ua\/cz\/","name":"Jazykov\u00e9 centrum EdVista","description":"P\u0159\u00edprava na p\u0159ijet\u00ed na \u010desk\u00e9 vysok\u00e9 \u0161koly","publisher":{"@id":"https:\/\/edvista.com.ua\/cz\/#organization"},"potentialAction":[{"@type":"SearchAction","target":{"@type":"EntryPoint","urlTemplate":"https:\/\/edvista.com.ua\/cz\/?s={search_term_string}"},"query-input":{"@type":"PropertyValueSpecification","valueRequired":true,"valueName":"search_term_string"}}],"inLanguage":"cs"},{"@type":"Organization","@id":"https:\/\/edvista.com.ua\/cz\/#organization","name":"Edvista","url":"https:\/\/edvista.com.ua\/cz\/","logo":{"@type":"ImageObject","inLanguage":"cs","@id":"https:\/\/edvista.com.ua\/cz\/#\/schema\/logo\/image\/","url":"https:\/\/edvista.com.ua\/cz\/wp-content\/uploads\/2025\/06\/logo-1.svg","contentUrl":"https:\/\/edvista.com.ua\/cz\/wp-content\/uploads\/2025\/06\/logo-1.svg","width":1,"height":1,"caption":"Edvista"},"image":{"@id":"https:\/\/edvista.com.ua\/cz\/#\/schema\/logo\/image\/"},"sameAs":["https:\/\/www.facebook.com\/EdVista","https:\/\/www.instagram.com\/ed.vista\/","https:\/\/www.threads.com\/@ed.vista?xmt=AQF0D9nImP0G7VzgulLgJYEP794vq8QLUHsl6kIYOu187bA","https:\/\/www.youtube.com\/channel\/UCxRfTgnhdIbZOn-hI9xowNA","https:\/\/www.tiktok.com\/@ed.vista?_r=1&_t=ZS-948DrdZoQbo"]}]}},"amp_enabled":true,"_links":{"self":[{"href":"https:\/\/edvista.com.ua\/cz\/wp-json\/wp\/v2\/pages\/114","targetHints":{"allow":["GET"]}}],"collection":[{"href":"https:\/\/edvista.com.ua\/cz\/wp-json\/wp\/v2\/pages"}],"about":[{"href":"https:\/\/edvista.com.ua\/cz\/wp-json\/wp\/v2\/types\/page"}],"author":[{"embeddable":true,"href":"https:\/\/edvista.com.ua\/cz\/wp-json\/wp\/v2\/users\/1"}],"replies":[{"embeddable":true,"href":"https:\/\/edvista.com.ua\/cz\/wp-json\/wp\/v2\/comments?post=114"}],"version-history":[{"count":24,"href":"https:\/\/edvista.com.ua\/cz\/wp-json\/wp\/v2\/pages\/114\/revisions"}],"predecessor-version":[{"id":1786,"href":"https:\/\/edvista.com.ua\/cz\/wp-json\/wp\/v2\/pages\/114\/revisions\/1786"}],"wp:featuredmedia":[{"embeddable":true,"href":"https:\/\/edvista.com.ua\/cz\/wp-json\/wp\/v2\/media\/1552"}],"wp:attachment":[{"href":"https:\/\/edvista.com.ua\/cz\/wp-json\/wp\/v2\/media?parent=114"}],"wp:term":[{"taxonomy":"post_tag","embeddable":true,"href":"https:\/\/edvista.com.ua\/cz\/wp-json\/wp\/v2\/tags?post=114"}],"curies":[{"name":"wp","href":"https:\/\/api.w.org\/{rel}","templated":true}]}}